{"id":4014,"date":"2020-03-30T10:09:11","date_gmt":"2020-03-30T08:09:11","guid":{"rendered":"https:\/\/jomesa.es\/maquines-recreatives-barcelona\/"},"modified":"2020-05-11T11:06:34","modified_gmt":"2020-05-11T09:06:34","slug":"maquines-recreatives-barcelona","status":"publish","type":"page","link":"https:\/\/jomesa.es\/ca\/maquines-recreatives-barcelona\/","title":{"rendered":"Maquines recreatives Barcelona"},"content":{"rendered":"\t\t<div data-elementor-type=\"wp-post\" data-elementor-id=\"4014\" class=\"elementor elementor-4014\" data-elementor-post-type=\"page\">\n\t\t\t\t\t\t<section class=\"elementor-section elementor-top-section elementor-element elementor-element-6d97fe5d elementor-section-boxed elementor-section-height-default elementor-section-height-default\" data-id=\"6d97fe5d\" data-element_type=\"section\" data-settings=\"{&quot;background_background&quot;:&quot;classic&quot;}\">\n\t\t\t\t\t\t<div class=\"elementor-container elementor-column-gap-default\">\n\t\t\t\t\t<div class=\"elementor-column elementor-col-100 elementor-top-column elementor-element elementor-element-5973d973\" data-id=\"5973d973\" data-element_type=\"column\">\n\t\t\t<div class=\"elementor-widget-wrap elementor-element-populated\">\n\t\t\t\t\t\t<div class=\"elementor-element elementor-element-57d9c63e elementor-widget elementor-widget-heading\" data-id=\"57d9c63e\" data-element_type=\"widget\" data-widget_type=\"heading.default\">\n\t\t\t\t<div class=\"elementor-widget-container\">\n\t\t\t\t\t<h1 class=\"elementor-heading-title elementor-size-default\">Maquines recreatives a Barcelona<\/h1>\t\t\t\t<\/div>\n\t\t\t\t<\/div>\n\t\t\t\t\t<\/div>\n\t\t<\/div>\n\t\t\t\t\t<\/div>\n\t\t<\/section>\n\t\t\t\t<section class=\"elementor-section elementor-top-section elementor-element elementor-element-7bf595d elementor-section-boxed elementor-section-height-default elementor-section-height-default\" data-id=\"7bf595d\" data-element_type=\"section\">\n\t\t\t\t\t\t<div class=\"elementor-container elementor-column-gap-default\">\n\t\t\t\t\t<div class=\"elementor-column elementor-col-100 elementor-top-column elementor-element elementor-element-aedd407\" data-id=\"aedd407\" data-element_type=\"column\">\n\t\t\t<div class=\"elementor-widget-wrap elementor-element-populated\">\n\t\t\t\t\t\t<div class=\"elementor-element elementor-element-2af05f88 elementor-widget elementor-widget-google_maps\" data-id=\"2af05f88\" data-element_type=\"widget\" data-widget_type=\"google_maps.default\">\n\t\t\t\t<div class=\"elementor-widget-container\">\n\t\t\t\t\t\t\t<div class=\"elementor-custom-embed\">\n\t\t\t<iframe loading=\"lazy\"\n\t\t\t\t\tsrc=\"https:\/\/maps.google.com\/maps?q=Carrer%20de%20Can%20R%C3%A0bia%2C%2015%2C%2008017%20Barcelona&#038;t=m&#038;z=17&#038;output=embed&#038;iwloc=near\"\n\t\t\t\t\ttitle=\"Carrer de Can R\u00e0bia, 15, 08017 Barcelona\"\n\t\t\t\t\taria-label=\"Carrer de Can R\u00e0bia, 15, 08017 Barcelona\"\n\t\t\t><\/iframe>\n\t\t<\/div>\n\t\t\t\t\t\t<\/div>\n\t\t\t\t<\/div>\n\t\t\t\t<div class=\"elementor-element elementor-element-359d4971 elementor-widget elementor-widget-heading\" data-id=\"359d4971\" data-element_type=\"widget\" data-widget_type=\"heading.default\">\n\t\t\t\t<div class=\"elementor-widget-container\">\n\t\t\t\t\t<h2 class=\"elementor-heading-title elementor-size-large\">M\u00e0quines recreatives pensades per al seu negoci<\/h2>\t\t\t\t<\/div>\n\t\t\t\t<\/div>\n\t\t\t\t<div class=\"elementor-element elementor-element-fe7de1f elementor-widget elementor-widget-text-editor\" data-id=\"fe7de1f\" data-element_type=\"widget\" data-widget_type=\"text-editor.default\">\n\t\t\t\t<div class=\"elementor-widget-container\">\n\t\t\t\t\t\t\t\t\t<p>En Jomesa (Grup Engloba) som <a href=\"https:\/\/jomesa.es\/ca\/\">l\u00edders en el sector de m\u00e0quines recreatives<\/a> de l&#8217;\u00e0rea de Barcelona i comptem amb un dels millors cat\u00e0legs que es poden trobar en el mercat en elements d&#8217;esbarjo per a locals de restauraci\u00f3 i hostaleria. Presentem els <strong>\u00faltims models en escurabutxaques<\/strong> a qualsevol mena d&#8217;empresari, particulars o cadena que vulgui operar amb nosaltres.<\/p>\n<p>Podem oferir-li al seu negoci, ja siguin franqu\u00edcies d&#8217;hostaleria, hotels o bars independents, <a href=\"https:\/\/jomesa.es\/ca\/maquines-recreatives\/\">les millors m\u00e0quines escurabutxaques<\/a> amb les quals aconseguir uns <strong>ingressos addicionals per al seu negoci<\/strong>, mentre els seus clients gaudeixen d&#8217;un temps d&#8217;oci. Els nostres productes estan en constant renovaci\u00f3, i gr\u00e0cies al nostre equip comercial i administratiu l&#8217;ajudem a obtenir aquelles llic\u00e8ncies necess\u00e0ries per a efectuar una r\u00e0pida tramitaci\u00f3 d&#8217;obres de manera correcta, abans de l&#8217;obertura del seu negoci.<\/p>\n<p>Les m\u00e0quines escurabutxaques de Jomesa no pertanyen a cap fabricant perqu\u00e8 som una operadora independent amb l&#8217;\u00faltima tecnologia en el sector de les recreatives, i amb un mostrari de la m\u00e9s alta qualitat amb els articles de major \u00e8xit en el mercat.<\/p>\n\t\t\t\t\t\t\t\t<\/div>\n\t\t\t\t<\/div>\n\t\t\t\t\t<\/div>\n\t\t<\/div>\n\t\t\t\t\t<\/div>\n\t\t<\/section>\n\t\t\t\t<section class=\"elementor-section elementor-top-section elementor-element elementor-element-80fe593 elementor-section-boxed elementor-section-height-default elementor-section-height-default\" data-id=\"80fe593\" data-element_type=\"section\">\n\t\t\t\t\t\t<div class=\"elementor-container elementor-column-gap-default\">\n\t\t\t\t\t<div class=\"elementor-column elementor-col-100 elementor-top-column elementor-element elementor-element-12d0d4d0\" data-id=\"12d0d4d0\" data-element_type=\"column\">\n\t\t\t<div class=\"elementor-widget-wrap elementor-element-populated\">\n\t\t\t\t\t\t<div class=\"elementor-element elementor-element-561a3c4a elementor-widget-divider--view-line elementor-widget elementor-widget-divider\" data-id=\"561a3c4a\" data-element_type=\"widget\" data-widget_type=\"divider.default\">\n\t\t\t\t<div class=\"elementor-widget-container\">\n\t\t\t\t\t\t\t<div class=\"elementor-divider\">\n\t\t\t<span class=\"elementor-divider-separator\">\n\t\t\t\t\t\t<\/span>\n\t\t<\/div>\n\t\t\t\t\t\t<\/div>\n\t\t\t\t<\/div>\n\t\t\t\t<div class=\"elementor-element elementor-element-4420f17e elementor-widget elementor-widget-text-editor\" data-id=\"4420f17e\" data-element_type=\"widget\" data-widget_type=\"text-editor.default\">\n\t\t\t\t<div class=\"elementor-widget-container\">\n\t\t\t\t\t\t\t\t\t<h4>La nostra f\u00f3rmula es basa en tres eixos:<\/h4>\n\t\t\t\t\t\t\t\t<\/div>\n\t\t\t\t<\/div>\n\t\t\t\t\t<\/div>\n\t\t<\/div>\n\t\t\t\t\t<\/div>\n\t\t<\/section>\n\t\t\t\t<section class=\"elementor-section elementor-top-section elementor-element elementor-element-23a06a35 elementor-section-boxed elementor-section-height-default elementor-section-height-default\" data-id=\"23a06a35\" data-element_type=\"section\">\n\t\t\t\t\t\t<div class=\"elementor-container elementor-column-gap-default\">\n\t\t\t\t\t<div class=\"elementor-column elementor-col-33 elementor-top-column elementor-element elementor-element-6b93537e\" data-id=\"6b93537e\" data-element_type=\"column\">\n\t\t\t<div class=\"elementor-widget-wrap elementor-element-populated\">\n\t\t\t\t\t\t<div class=\"elementor-element elementor-element-3a03e6af elementor-view-default elementor-widget elementor-widget-icon\" data-id=\"3a03e6af\" data-element_type=\"widget\" data-widget_type=\"icon.default\">\n\t\t\t\t<div class=\"elementor-widget-container\">\n\t\t\t\t\t\t\t<div class=\"elementor-icon-wrapper\">\n\t\t\t<div class=\"elementor-icon\">\n\t\t\t<i aria-hidden=\"true\" class=\"fas fa-search\"><\/i>\t\t\t<\/div>\n\t\t<\/div>\n\t\t\t\t\t\t<\/div>\n\t\t\t\t<\/div>\n\t\t\t\t<div class=\"elementor-element elementor-element-43dcbf00 elementor-widget elementor-widget-text-editor\" data-id=\"43dcbf00\" data-element_type=\"widget\" data-widget_type=\"text-editor.default\">\n\t\t\t\t<div class=\"elementor-widget-container\">\n\t\t\t\t\t\t\t\t\t<p>Professionalitat i transpar\u00e8ncia, implantant les m\u00e9s modernes tecnologies de gesti\u00f3 per a donar totes les garanties als nostres clients.<\/p>\n\t\t\t\t\t\t\t\t<\/div>\n\t\t\t\t<\/div>\n\t\t\t\t\t<\/div>\n\t\t<\/div>\n\t\t\t\t<div class=\"elementor-column elementor-col-33 elementor-top-column elementor-element elementor-element-7e5348d7\" data-id=\"7e5348d7\" data-element_type=\"column\">\n\t\t\t<div class=\"elementor-widget-wrap elementor-element-populated\">\n\t\t\t\t\t\t<div class=\"elementor-element elementor-element-158b5320 elementor-view-default elementor-widget elementor-widget-icon\" data-id=\"158b5320\" data-element_type=\"widget\" data-widget_type=\"icon.default\">\n\t\t\t\t<div class=\"elementor-widget-container\">\n\t\t\t\t\t\t\t<div class=\"elementor-icon-wrapper\">\n\t\t\t<div class=\"elementor-icon\">\n\t\t\t<i aria-hidden=\"true\" class=\"far fa-copy\"><\/i>\t\t\t<\/div>\n\t\t<\/div>\n\t\t\t\t\t\t<\/div>\n\t\t\t\t<\/div>\n\t\t\t\t<div class=\"elementor-element elementor-element-19bf4314 elementor-widget elementor-widget-text-editor\" data-id=\"19bf4314\" data-element_type=\"widget\" data-widget_type=\"text-editor.default\">\n\t\t\t\t<div class=\"elementor-widget-container\">\n\t\t\t\t\t\t\t\t\t<p><strong>Proximitat al client<\/strong>, permetent respondre&#8217;t i adaptar-nos de forma immediata a totes les teves necessitats recolzant-te en el que necessitis.<\/p>\n\t\t\t\t\t\t\t\t<\/div>\n\t\t\t\t<\/div>\n\t\t\t\t\t<\/div>\n\t\t<\/div>\n\t\t\t\t<div class=\"elementor-column elementor-col-33 elementor-top-column elementor-element elementor-element-54aeeb60\" data-id=\"54aeeb60\" data-element_type=\"column\">\n\t\t\t<div class=\"elementor-widget-wrap elementor-element-populated\">\n\t\t\t\t\t\t<div class=\"elementor-element elementor-element-52bc7c90 elementor-view-default elementor-widget elementor-widget-icon\" data-id=\"52bc7c90\" data-element_type=\"widget\" data-widget_type=\"icon.default\">\n\t\t\t\t<div class=\"elementor-widget-container\">\n\t\t\t\t\t\t\t<div class=\"elementor-icon-wrapper\">\n\t\t\t<div class=\"elementor-icon\">\n\t\t\t<i aria-hidden=\"true\" class=\"far fa-lightbulb\"><\/i>\t\t\t<\/div>\n\t\t<\/div>\n\t\t\t\t\t\t<\/div>\n\t\t\t\t<\/div>\n\t\t\t\t<div class=\"elementor-element elementor-element-4c9401c6 elementor-widget elementor-widget-text-editor\" data-id=\"4c9401c6\" data-element_type=\"widget\" data-widget_type=\"text-editor.default\">\n\t\t\t\t<div class=\"elementor-widget-container\">\n\t\t\t\t\t\t\t\t\t<p><strong>Innovaci\u00f3<\/strong><br \/>\n<strong>constant en producte<\/strong>, oferint les \u00faltimes i m\u00e9s reeixides novetats del mercat de m\u00e0quines sigui qui sigui el fabricant, perqu\u00e8\u00a0Jomesa\u00a0\u00e9s un operador independent*.<\/p>\n\t\t\t\t\t\t\t\t<\/div>\n\t\t\t\t<\/div>\n\t\t\t\t\t<\/div>\n\t\t<\/div>\n\t\t\t\t\t<\/div>\n\t\t<\/section>\n\t\t\t\t<section class=\"elementor-section elementor-top-section elementor-element elementor-element-22d769b4 elementor-section-boxed elementor-section-height-default elementor-section-height-default\" data-id=\"22d769b4\" data-element_type=\"section\">\n\t\t\t\t\t\t<div class=\"elementor-container elementor-column-gap-default\">\n\t\t\t\t\t<div class=\"elementor-column elementor-col-100 elementor-top-column elementor-element elementor-element-68787e6d\" data-id=\"68787e6d\" data-element_type=\"column\">\n\t\t\t<div class=\"elementor-widget-wrap elementor-element-populated\">\n\t\t\t\t\t\t<div class=\"elementor-element elementor-element-1d20453c elementor-widget elementor-widget-heading\" data-id=\"1d20453c\" data-element_type=\"widget\" data-widget_type=\"heading.default\">\n\t\t\t\t<div class=\"elementor-widget-container\">\n\t\t\t\t\t<h3 class=\"elementor-heading-title elementor-size-default\">M\u00e9s de 10 anys en el sector de les m\u00e0quines escurabutxaques<\/h3>\t\t\t\t<\/div>\n\t\t\t\t<\/div>\n\t\t\t\t<div class=\"elementor-element elementor-element-4db4cb5 elementor-widget elementor-widget-text-editor\" data-id=\"4db4cb5\" data-element_type=\"widget\" data-widget_type=\"text-editor.default\">\n\t\t\t\t<div class=\"elementor-widget-container\">\n\t\t\t\t\t\t\t\t\t<p>Els nostres serveis destaquen per comptar amb <strong>especialistes a m\u00e0quines escurabutxaques en l&#8217;\u00e0rea de Barcelona<\/strong>, amb m\u00e9s de 10 anys d&#8217;experi\u00e8ncia en el sector. Comptem amb una reputaci\u00f3 que ens avala, i gr\u00e0cies a ella podem oferir-li els millors models de m\u00e0quines recreatives del mercat.<\/p>\n<p>El nostre cat\u00e0leg s&#8217;actualitza peri\u00f2dicament amb els \u00faltims prototips de llums, colors, acci\u00f3 i sons, per a oferir-li als seus clients la m\u00e9s alta i millor interacci\u00f3 i diversi\u00f3, mentre vost\u00e8 augmenta la recaptaci\u00f3 del seu negoci. Oferim una s\u00e8rie de <a href=\"https:\/\/jomesa.es\/ca\/financiacio-de-bars\/\">serveis<\/a> els que ajudar-lo a posar a punt el seu negoci. Ens ocupem des de la <strong>instal\u00b7laci\u00f3 de les m\u00e0quines<\/strong>, fins a la <strong>gesti\u00f3<\/strong> d&#8217;aquells models que vost\u00e8 seleccioni del nostre cat\u00e0leg.<\/p>\n<p>Oferim les nostres prestacions en l&#8217;\u00e0rea de Barcelona a diversos tipus de clients: franqu\u00edcies d&#8217;hostaleria, bars independents i hotels. Els <strong>assessorem<\/strong> segons les necessitats del negoci per a l&#8217;elecci\u00f3\u00a0dela\u00a0m\u00e0quina recreativa que millor s&#8217;adapti a la situaci\u00f3 del seu negoci i\/o local en el qual es desitja instal\u00b7lar. En el cas que vost\u00e8 sigui una empresa operadora independent, a trav\u00e9s de\u00a0Jomesa\u00a0podem r<strong>eportar-li informes econ\u00f2mics peri\u00f2dics<\/strong> sobre els guanys, aix\u00ed com ocupar-nos de la gesti\u00f3 di\u00e0ria de les seves m\u00e0quines i d&#8217;aquells <strong>tr\u00e0mits administratius<\/strong> requerits per al seu bon funcionament.<\/p>\n\t\t\t\t\t\t\t\t<\/div>\n\t\t\t\t<\/div>\n\t\t\t\t\t<\/div>\n\t\t<\/div>\n\t\t\t\t\t<\/div>\n\t\t<\/section>\n\t\t\t\t<section class=\"elementor-section elementor-top-section elementor-element elementor-element-5a7f0384 elementor-section-boxed elementor-section-height-default elementor-section-height-default\" data-id=\"5a7f0384\" data-element_type=\"section\">\n\t\t\t\t\t\t<div class=\"elementor-container elementor-column-gap-default\">\n\t\t\t\t\t<div class=\"elementor-column elementor-col-100 elementor-top-column elementor-element elementor-element-3d8af2eb\" data-id=\"3d8af2eb\" data-element_type=\"column\">\n\t\t\t<div class=\"elementor-widget-wrap elementor-element-populated\">\n\t\t\t\t\t\t<div class=\"elementor-element elementor-element-7fcf013b elementor-align-center elementor-widget elementor-widget-button\" data-id=\"7fcf013b\" data-element_type=\"widget\" data-widget_type=\"button.default\">\n\t\t\t\t<div class=\"elementor-widget-container\">\n\t\t\t\t\t\t\t\t\t<div class=\"elementor-button-wrapper\">\n\t\t\t\t\t<a class=\"elementor-button elementor-button-link elementor-size-xl\" href=\"https:\/\/jomesa.es\/ca\/maquines-recreatives\/\">\n\t\t\t\t\t\t<span class=\"elementor-button-content-wrapper\">\n\t\t\t\t\t\t\t\t\t<span class=\"elementor-button-text\">Descobreix els nostres diferents models i jocs<\/span>\n\t\t\t\t\t<\/span>\n\t\t\t\t\t<\/a>\n\t\t\t\t<\/div>\n\t\t\t\t\t\t\t\t<\/div>\n\t\t\t\t<\/div>\n\t\t\t\t\t<\/div>\n\t\t<\/div>\n\t\t\t\t\t<\/div>\n\t\t<\/section>\n\t\t\t\t<\/div>\n\t\t","protected":false},"excerpt":{"rendered":"<p>Maquines recreatives a Barcelona M\u00e0quines recreatives pensades per al seu negoci En Jomesa (Grup Engloba) som l\u00edders en el sector de m\u00e0quines recreatives de l&#8217;\u00e0rea de Barcelona i comptem amb un dels millors cat\u00e0legs que es poden trobar en el mercat en elements d&#8217;esbarjo per a locals de restauraci\u00f3 i hostaleria. Presentem els \u00faltims models [&hellip;]<\/p>\n","protected":false},"author":1,"featured_media":0,"parent":0,"menu_order":0,"comment_status":"closed","ping_status":"closed","template":"elementor_header_footer","meta":{"_joinchat":[],"footnotes":""},"class_list":["post-4014","page","type-page","status-publish","hentry"],"yoast_head":"<!-- This site is optimized with the Yoast SEO plugin v27.3 - https:\/\/yoast.com\/product\/yoast-seo-wordpress\/ -->\n<title>Maquines recreatives Barcelona - M\u00e1quinas recreativas Jomesa<\/title>\n<meta name=\"description\" content=\"A Jomesa som l\u00edders en el sector de m\u00e0quines recreatives de l\u2019\u00e0rea de Barcelona i comptem amb un dels millors cat\u00e0legs que es poden trobar en el mercat\" \/>\n<meta name=\"robots\" content=\"noindex, follow\" \/>\n<meta property=\"og:locale\" content=\"ca_ES\" \/>\n<meta property=\"og:type\" content=\"article\" \/>\n<meta property=\"og:title\" content=\"Maquines recreatives Barcelona - M\u00e1quinas recreativas Jomesa\" \/>\n<meta property=\"og:description\" content=\"A Jomesa som l\u00edders en el sector de m\u00e0quines recreatives de l\u2019\u00e0rea de Barcelona i comptem amb un dels millors cat\u00e0legs que es poden trobar en el mercat\" \/>\n<meta property=\"og:url\" content=\"https:\/\/jomesa.es\/ca\/maquines-recreatives-barcelona\/\" \/>\n<meta property=\"og:site_name\" content=\"M\u00e1quinas recreativas Jomesa\" \/>\n<meta property=\"article:modified_time\" content=\"2020-05-11T09:06:34+00:00\" \/>\n<meta name=\"twitter:card\" content=\"summary_large_image\" \/>\n<meta name=\"twitter:label1\" content=\"Temps estimat de lectura\" \/>\n\t<meta name=\"twitter:data1\" content=\"3 minuts\" \/>\n<script type=\"application\/ld+json\" class=\"yoast-schema-graph\">{\"@context\":\"https:\\\/\\\/schema.org\",\"@graph\":[{\"@type\":\"WebPage\",\"@id\":\"https:\\\/\\\/jomesa.es\\\/ca\\\/maquines-recreatives-barcelona\\\/\",\"url\":\"https:\\\/\\\/jomesa.es\\\/ca\\\/maquines-recreatives-barcelona\\\/\",\"name\":\"Maquines recreatives Barcelona - M\u00e1quinas recreativas Jomesa\",\"isPartOf\":{\"@id\":\"https:\\\/\\\/jomesa.es\\\/ca\\\/#website\"},\"datePublished\":\"2020-03-30T08:09:11+00:00\",\"dateModified\":\"2020-05-11T09:06:34+00:00\",\"description\":\"A Jomesa som l\u00edders en el sector de m\u00e0quines recreatives de l\u2019\u00e0rea de Barcelona i comptem amb un dels millors cat\u00e0legs que es poden trobar en el mercat\",\"breadcrumb\":{\"@id\":\"https:\\\/\\\/jomesa.es\\\/ca\\\/maquines-recreatives-barcelona\\\/#breadcrumb\"},\"inLanguage\":\"ca\",\"potentialAction\":[{\"@type\":\"ReadAction\",\"target\":[\"https:\\\/\\\/jomesa.es\\\/ca\\\/maquines-recreatives-barcelona\\\/\"]}]},{\"@type\":\"BreadcrumbList\",\"@id\":\"https:\\\/\\\/jomesa.es\\\/ca\\\/maquines-recreatives-barcelona\\\/#breadcrumb\",\"itemListElement\":[{\"@type\":\"ListItem\",\"position\":1,\"name\":\"Inicio\",\"item\":\"https:\\\/\\\/jomesa.es\\\/ca\\\/\"},{\"@type\":\"ListItem\",\"position\":2,\"name\":\"Maquines recreatives Barcelona\"}]},{\"@type\":\"WebSite\",\"@id\":\"https:\\\/\\\/jomesa.es\\\/ca\\\/#website\",\"url\":\"https:\\\/\\\/jomesa.es\\\/ca\\\/\",\"name\":\"M\u00e1quinas recreativas Jomesa\",\"description\":\"Operador independiente de m\u00e1quinas recreativas para bares en Barcelona, Tarragona y Lleida\",\"publisher\":{\"@id\":\"https:\\\/\\\/jomesa.es\\\/ca\\\/#organization\"},\"potentialAction\":[{\"@type\":\"SearchAction\",\"target\":{\"@type\":\"EntryPoint\",\"urlTemplate\":\"https:\\\/\\\/jomesa.es\\\/ca\\\/?s={search_term_string}\"},\"query-input\":{\"@type\":\"PropertyValueSpecification\",\"valueRequired\":true,\"valueName\":\"search_term_string\"}}],\"inLanguage\":\"ca\"},{\"@type\":\"Organization\",\"@id\":\"https:\\\/\\\/jomesa.es\\\/ca\\\/#organization\",\"name\":\"M\u00e1quinas recreativas Jomesa\",\"url\":\"https:\\\/\\\/jomesa.es\\\/ca\\\/\",\"logo\":{\"@type\":\"ImageObject\",\"inLanguage\":\"ca\",\"@id\":\"https:\\\/\\\/jomesa.es\\\/ca\\\/#\\\/schema\\\/logo\\\/image\\\/\",\"url\":\"https:\\\/\\\/jomesa.es\\\/wp-content\\\/uploads\\\/2026\\\/04\\\/LOGO-Jomesa-CMYK-Petit.png\",\"contentUrl\":\"https:\\\/\\\/jomesa.es\\\/wp-content\\\/uploads\\\/2026\\\/04\\\/LOGO-Jomesa-CMYK-Petit.png\",\"width\":369,\"height\":88,\"caption\":\"M\u00e1quinas recreativas Jomesa\"},\"image\":{\"@id\":\"https:\\\/\\\/jomesa.es\\\/ca\\\/#\\\/schema\\\/logo\\\/image\\\/\"},\"sameAs\":[\"https:\\\/\\\/instagram.com\\\/jomesa_\"]}]}<\/script>\n<!-- \/ Yoast SEO plugin. -->","yoast_head_json":{"title":"Maquines recreatives Barcelona - M\u00e1quinas recreativas Jomesa","description":"A Jomesa som l\u00edders en el sector de m\u00e0quines recreatives de l\u2019\u00e0rea de Barcelona i comptem amb un dels millors cat\u00e0legs que es poden trobar en el mercat","robots":{"index":"noindex","follow":"follow"},"og_locale":"ca_ES","og_type":"article","og_title":"Maquines recreatives Barcelona - M\u00e1quinas recreativas Jomesa","og_description":"A Jomesa som l\u00edders en el sector de m\u00e0quines recreatives de l\u2019\u00e0rea de Barcelona i comptem amb un dels millors cat\u00e0legs que es poden trobar en el mercat","og_url":"https:\/\/jomesa.es\/ca\/maquines-recreatives-barcelona\/","og_site_name":"M\u00e1quinas recreativas Jomesa","article_modified_time":"2020-05-11T09:06:34+00:00","twitter_card":"summary_large_image","twitter_misc":{"Temps estimat de lectura":"3 minuts"},"schema":{"@context":"https:\/\/schema.org","@graph":[{"@type":"WebPage","@id":"https:\/\/jomesa.es\/ca\/maquines-recreatives-barcelona\/","url":"https:\/\/jomesa.es\/ca\/maquines-recreatives-barcelona\/","name":"Maquines recreatives Barcelona - M\u00e1quinas recreativas Jomesa","isPartOf":{"@id":"https:\/\/jomesa.es\/ca\/#website"},"datePublished":"2020-03-30T08:09:11+00:00","dateModified":"2020-05-11T09:06:34+00:00","description":"A Jomesa som l\u00edders en el sector de m\u00e0quines recreatives de l\u2019\u00e0rea de Barcelona i comptem amb un dels millors cat\u00e0legs que es poden trobar en el mercat","breadcrumb":{"@id":"https:\/\/jomesa.es\/ca\/maquines-recreatives-barcelona\/#breadcrumb"},"inLanguage":"ca","potentialAction":[{"@type":"ReadAction","target":["https:\/\/jomesa.es\/ca\/maquines-recreatives-barcelona\/"]}]},{"@type":"BreadcrumbList","@id":"https:\/\/jomesa.es\/ca\/maquines-recreatives-barcelona\/#breadcrumb","itemListElement":[{"@type":"ListItem","position":1,"name":"Inicio","item":"https:\/\/jomesa.es\/ca\/"},{"@type":"ListItem","position":2,"name":"Maquines recreatives Barcelona"}]},{"@type":"WebSite","@id":"https:\/\/jomesa.es\/ca\/#website","url":"https:\/\/jomesa.es\/ca\/","name":"M\u00e1quinas recreativas Jomesa","description":"Operador independiente de m\u00e1quinas recreativas para bares en Barcelona, Tarragona y Lleida","publisher":{"@id":"https:\/\/jomesa.es\/ca\/#organization"},"potentialAction":[{"@type":"SearchAction","target":{"@type":"EntryPoint","urlTemplate":"https:\/\/jomesa.es\/ca\/?s={search_term_string}"},"query-input":{"@type":"PropertyValueSpecification","valueRequired":true,"valueName":"search_term_string"}}],"inLanguage":"ca"},{"@type":"Organization","@id":"https:\/\/jomesa.es\/ca\/#organization","name":"M\u00e1quinas recreativas Jomesa","url":"https:\/\/jomesa.es\/ca\/","logo":{"@type":"ImageObject","inLanguage":"ca","@id":"https:\/\/jomesa.es\/ca\/#\/schema\/logo\/image\/","url":"https:\/\/jomesa.es\/wp-content\/uploads\/2026\/04\/LOGO-Jomesa-CMYK-Petit.png","contentUrl":"https:\/\/jomesa.es\/wp-content\/uploads\/2026\/04\/LOGO-Jomesa-CMYK-Petit.png","width":369,"height":88,"caption":"M\u00e1quinas recreativas Jomesa"},"image":{"@id":"https:\/\/jomesa.es\/ca\/#\/schema\/logo\/image\/"},"sameAs":["https:\/\/instagram.com\/jomesa_"]}]}},"_links":{"self":[{"href":"https:\/\/jomesa.es\/ca\/wp-json\/wp\/v2\/pages\/4014","targetHints":{"allow":["GET"]}}],"collection":[{"href":"https:\/\/jomesa.es\/ca\/wp-json\/wp\/v2\/pages"}],"about":[{"href":"https:\/\/jomesa.es\/ca\/wp-json\/wp\/v2\/types\/page"}],"author":[{"embeddable":true,"href":"https:\/\/jomesa.es\/ca\/wp-json\/wp\/v2\/users\/1"}],"replies":[{"embeddable":true,"href":"https:\/\/jomesa.es\/ca\/wp-json\/wp\/v2\/comments?post=4014"}],"version-history":[{"count":0,"href":"https:\/\/jomesa.es\/ca\/wp-json\/wp\/v2\/pages\/4014\/revisions"}],"wp:attachment":[{"href":"https:\/\/jomesa.es\/ca\/wp-json\/wp\/v2\/media?parent=4014"}],"curies":[{"name":"wp","href":"https:\/\/api.w.org\/{rel}","templated":true}]}}