{"id":3214,"date":"2020-03-30T11:35:39","date_gmt":"2020-03-30T09:35:39","guid":{"rendered":"http:\/\/jomesa.es\/wonsters-hotel\/"},"modified":"2026-02-28T00:34:16","modified_gmt":"2026-02-27T23:34:16","slug":"wonsters-hotel","status":"publish","type":"page","link":"https:\/\/jomesa.es\/ca\/wonsters-hotel\/","title":{"rendered":"Wonsters Hotel"},"content":{"rendered":"\t\t<div data-elementor-type=\"wp-page\" data-elementor-id=\"3214\" class=\"elementor elementor-3214\" data-elementor-post-type=\"page\">\n\t\t\t\t\t\t<section class=\"elementor-section elementor-top-section elementor-element elementor-element-ce5927 elementor-section-boxed elementor-section-height-default elementor-section-height-default\" data-id=\"ce5927\" data-element_type=\"section\" data-settings=\"{&quot;background_background&quot;:&quot;classic&quot;}\">\n\t\t\t\t\t\t<div class=\"elementor-container elementor-column-gap-default\">\n\t\t\t\t\t<div class=\"elementor-column elementor-col-100 elementor-top-column elementor-element elementor-element-2fd2b6f7\" data-id=\"2fd2b6f7\" data-element_type=\"column\">\n\t\t\t<div class=\"elementor-widget-wrap elementor-element-populated\">\n\t\t\t\t\t\t<div class=\"elementor-element elementor-element-543fd1e4 elementor-widget elementor-widget-heading\" data-id=\"543fd1e4\" data-element_type=\"widget\" data-widget_type=\"heading.default\">\n\t\t\t\t<div class=\"elementor-widget-container\">\n\t\t\t\t\t<h1 class=\"elementor-heading-title elementor-size-xl\">M\u00c1QUINA RECREATIVA Woonsters Hotel<\/h1>\t\t\t\t<\/div>\n\t\t\t\t<\/div>\n\t\t\t\t\t<\/div>\n\t\t<\/div>\n\t\t\t\t\t<\/div>\n\t\t<\/section>\n\t\t\t\t<section class=\"elementor-section elementor-top-section elementor-element elementor-element-37b3c1fa elementor-section-boxed elementor-section-height-default elementor-section-height-default\" data-id=\"37b3c1fa\" data-element_type=\"section\">\n\t\t\t\t\t\t<div class=\"elementor-container elementor-column-gap-default\">\n\t\t\t\t\t<div class=\"elementor-column elementor-col-50 elementor-top-column elementor-element elementor-element-5df69bbb\" data-id=\"5df69bbb\" data-element_type=\"column\">\n\t\t\t<div class=\"elementor-widget-wrap elementor-element-populated\">\n\t\t\t\t\t\t<div class=\"elementor-element elementor-element-34bdb350 elementor-widget elementor-widget-text-editor\" data-id=\"34bdb350\" data-element_type=\"widget\" data-widget_type=\"text-editor.default\">\n\t\t\t\t<div class=\"elementor-widget-container\">\n\t\t\t\t\t\t\t\t\t<p>Us agraden els fantasmes? Perqu\u00e8 esteu de sort. Amb aquest nou model de m\u00e0quina recreativa mixta podr\u00e0s viure emocions semblants a les que sents caminant per la casa del terror d&#8217;un parc d&#8217;atraccions.<\/p>\n\t\t\t\t\t\t\t\t<\/div>\n\t\t\t\t<\/div>\n\t\t\t\t<div class=\"elementor-element elementor-element-7816bf62 elementor-widget elementor-widget-heading\" data-id=\"7816bf62\" data-element_type=\"widget\" data-widget_type=\"heading.default\">\n\t\t\t\t<div class=\"elementor-widget-container\">\n\t\t\t\t\t<h2 class=\"elementor-heading-title elementor-size-default\">Woonsters Hotel: dotzenes d'oportunitats per guanyar<\/h2>\t\t\t\t<\/div>\n\t\t\t\t<\/div>\n\t\t\t\t<div class=\"elementor-element elementor-element-71b461ca elementor-widget elementor-widget-text-editor\" data-id=\"71b461ca\" data-element_type=\"widget\" data-widget_type=\"text-editor.default\">\n\t\t\t\t<div class=\"elementor-widget-container\">\n\t\t\t\t\t\t\t\t\t<p>Es tracta d&#8217;un hotel fantasmag\u00f2ric on trobar\u00e0s personatges amigables com Spiry, que doblar\u00e0 tots els teus premis, Cerebrino, que s&#8217;encarregar\u00e0 d&#8217;ajudar-te a trobar el major dels premis possibles, Perola, a qui li haur\u00e0s de dir quin color de llauna sopera triar per a esbrinar qu\u00e8 s&#8217;amaga dins d&#8217;ella, Toforrao, que t\u00e9 el casino m\u00e9s divertit de l&#8217;hotel amb la ruleta m\u00e9s boja que hagis pogut veure fins al moment, Soplavelas, el majordom de tot aquest complex i Woonderbrina, l&#8217;encantadora reina del spa amb m\u00e9s bombolles i premis guardats mai vist.<\/p>\n<p>Vols provar aquest model de m\u00e0quina escurabutxaques? Troba-la en els nostres bars de Lleida, Tarragona i Barcelona. T&#8217;est\u00e0 esperant! Si tens dubtes, contacta amb un dels nostres operadors de m\u00e0quines recreatives disponibles a Barcelona, Lleida, Tarragona i Osca.<\/p>\n\t\t\t\t\t\t\t\t<\/div>\n\t\t\t\t<\/div>\n\t\t\t\t<div class=\"elementor-element elementor-element-39f9468c elementor-widget elementor-widget-image\" data-id=\"39f9468c\" data-element_type=\"widget\" data-widget_type=\"image.default\">\n\t\t\t\t<div class=\"elementor-widget-container\">\n\t\t\t\t\t\t\t\t\t\t\t\t\t\t\t<img fetchpriority=\"high\" decoding=\"async\" width=\"250\" height=\"250\" src=\"https:\/\/jomesa.es\/wp-content\/uploads\/2019\/06\/woonsters.jpg\" class=\"attachment-large size-large wp-image-3215\" alt=\"Woonsters hotel\" srcset=\"https:\/\/jomesa.es\/wp-content\/uploads\/2019\/06\/woonsters.jpg 250w, https:\/\/jomesa.es\/wp-content\/uploads\/2019\/06\/woonsters-150x150.jpg 150w\" sizes=\"(max-width: 250px) 100vw, 250px\" \/>\t\t\t\t\t\t\t\t\t\t\t\t\t\t\t<\/div>\n\t\t\t\t<\/div>\n\t\t\t\t<div class=\"elementor-element elementor-element-1314d9e elementor-align-center elementor-widget elementor-widget-button\" data-id=\"1314d9e\" data-element_type=\"widget\" data-widget_type=\"button.default\">\n\t\t\t\t<div class=\"elementor-widget-container\">\n\t\t\t\t\t\t\t\t\t<div class=\"elementor-button-wrapper\">\n\t\t\t\t\t<a class=\"elementor-button elementor-button-link elementor-size-lg\" href=\"https:\/\/jomesa.es\/wp-content\/uploads\/2020\/03\/PDF-Woonsters-Hotel-pdf.jpg\" target=\"_blank\">\n\t\t\t\t\t\t<span class=\"elementor-button-content-wrapper\">\n\t\t\t\t\t\t<span class=\"elementor-button-icon\">\n\t\t\t\t<i aria-hidden=\"true\" class=\"fas fa-file-pdf\"><\/i>\t\t\t<\/span>\n\t\t\t\t\t\t\t\t\t<span class=\"elementor-button-text\">Descarregar PDF<\/span>\n\t\t\t\t\t<\/span>\n\t\t\t\t\t<\/a>\n\t\t\t\t<\/div>\n\t\t\t\t\t\t\t\t<\/div>\n\t\t\t\t<\/div>\n\t\t\t\t\t<\/div>\n\t\t<\/div>\n\t\t\t\t<div class=\"elementor-column elementor-col-50 elementor-top-column elementor-element elementor-element-114db425\" data-id=\"114db425\" data-element_type=\"column\">\n\t\t\t<div class=\"elementor-widget-wrap elementor-element-populated\">\n\t\t\t\t\t\t<div class=\"elementor-element elementor-element-665a4313 elementor-button-align-stretch elementor-widget elementor-widget-global elementor-global-3655 elementor-global-184 elementor-widget-form\" data-id=\"665a4313\" data-element_type=\"widget\" data-settings=\"{&quot;step_next_label&quot;:&quot;Next&quot;,&quot;step_previous_label&quot;:&quot;Previous&quot;,&quot;button_width&quot;:&quot;100&quot;,&quot;step_type&quot;:&quot;number_text&quot;,&quot;step_icon_shape&quot;:&quot;circle&quot;}\" data-widget_type=\"form.default\">\n\t\t\t\t<div class=\"elementor-widget-container\">\n\t\t\t\t\t\t\t<form class=\"elementor-form\" method=\"post\" name=\"Nou formulari\" aria-label=\"Nou formulari\">\n\t\t\t<input type=\"hidden\" name=\"post_id\" value=\"3214\"\/>\n\t\t\t<input type=\"hidden\" name=\"form_id\" value=\"665a4313\"\/>\n\t\t\t<input type=\"hidden\" name=\"referer_title\" value=\"M\u00e1quinas recreativas Jomesa\" \/>\n\n\t\t\t\n\t\t\t<div class=\"elementor-form-fields-wrapper elementor-labels-above\">\n\t\t\t\t\t\t\t\t<div class=\"elementor-field-type-text elementor-field-group elementor-column elementor-field-group-name elementor-col-100 elementor-field-required\">\n\t\t\t\t\t\t\t\t\t\t\t\t<label for=\"form-field-name\" class=\"elementor-field-label\">\n\t\t\t\t\t\t\t\tNom\t\t\t\t\t\t\t<\/label>\n\t\t\t\t\t\t\t\t\t\t\t\t\t\t<input size=\"1\" type=\"text\" name=\"form_fields[name]\" id=\"form-field-name\" class=\"elementor-field elementor-size-sm  elementor-field-textual\" required=\"required\">\n\t\t\t\t\t\t\t\t\t\t\t<\/div>\n\t\t\t\t\t\t\t\t<div class=\"elementor-field-type-text elementor-field-group elementor-column elementor-field-group-field_1 elementor-col-100 elementor-field-required\">\n\t\t\t\t\t\t\t\t\t\t\t\t<label for=\"form-field-field_1\" class=\"elementor-field-label\">\n\t\t\t\t\t\t\t\tPoblaci\u00f3\t\t\t\t\t\t\t<\/label>\n\t\t\t\t\t\t\t\t\t\t\t\t\t\t<input size=\"1\" type=\"text\" name=\"form_fields[field_1]\" id=\"form-field-field_1\" class=\"elementor-field elementor-size-sm  elementor-field-textual\" required=\"required\">\n\t\t\t\t\t\t\t\t\t\t\t<\/div>\n\t\t\t\t\t\t\t\t<div class=\"elementor-field-type-tel elementor-field-group elementor-column elementor-field-group-field_2 elementor-col-100 elementor-field-required\">\n\t\t\t\t\t\t\t\t\t\t\t\t<label for=\"form-field-field_2\" class=\"elementor-field-label\">\n\t\t\t\t\t\t\t\tTel\u00e8fon\t\t\t\t\t\t\t<\/label>\n\t\t\t\t\t\t\t\t<input size=\"1\" type=\"tel\" name=\"form_fields[field_2]\" id=\"form-field-field_2\" class=\"elementor-field elementor-size-sm  elementor-field-textual\" required=\"required\" pattern=\"[0-9()#&amp;+*-=.]+\" title=\"Only numbers and phone characters (#, -, *, etc) are accepted.\">\n\n\t\t\t\t\t\t<\/div>\n\t\t\t\t\t\t\t\t<div class=\"elementor-field-type-email elementor-field-group elementor-column elementor-field-group-email elementor-col-100 elementor-field-required\">\n\t\t\t\t\t\t\t\t\t\t\t\t<label for=\"form-field-email\" class=\"elementor-field-label\">\n\t\t\t\t\t\t\t\tEmail\t\t\t\t\t\t\t<\/label>\n\t\t\t\t\t\t\t\t\t\t\t\t\t\t<input size=\"1\" type=\"email\" name=\"form_fields[email]\" id=\"form-field-email\" class=\"elementor-field elementor-size-sm  elementor-field-textual\" required=\"required\">\n\t\t\t\t\t\t\t\t\t\t\t<\/div>\n\t\t\t\t\t\t\t\t<div class=\"elementor-field-type-select elementor-field-group elementor-column elementor-field-group-field_3 elementor-col-100\">\n\t\t\t\t\t\t\t\t\t\t\t\t<label for=\"form-field-field_3\" class=\"elementor-field-label\">\n\t\t\t\t\t\t\t\tAssumpte\t\t\t\t\t\t\t<\/label>\n\t\t\t\t\t\t\t\t<div class=\"elementor-field elementor-select-wrapper remove-before \">\n\t\t\t<div class=\"select-caret-down-wrapper\">\n\t\t\t\t<i aria-hidden=\"true\" class=\"eicon-caret-down\"><\/i>\t\t\t<\/div>\n\t\t\t<select name=\"form_fields[field_3]\" id=\"form-field-field_3\" class=\"elementor-field-textual elementor-size-sm\">\n\t\t\t\t\t\t\t\t\t<option value=\"Nou Bar\">Nou Bar<\/option>\n\t\t\t\t\t\t\t\t\t<option value=\"Canvi operadora\">Canvi operadora<\/option>\n\t\t\t\t\t\t\t\t\t<option value=\"Altres\">Altres<\/option>\n\t\t\t\t\t\t\t<\/select>\n\t\t<\/div>\n\t\t\t\t\t\t<\/div>\n\t\t\t\t\t\t\t\t<div class=\"elementor-field-type-textarea elementor-field-group elementor-column elementor-field-group-message elementor-col-100\">\n\t\t\t\t\t\t\t\t\t\t\t\t<label for=\"form-field-message\" class=\"elementor-field-label\">\n\t\t\t\t\t\t\t\tMissatge\t\t\t\t\t\t\t<\/label>\n\t\t\t\t\t\t<textarea class=\"elementor-field-textual elementor-field  elementor-size-sm\" name=\"form_fields[message]\" id=\"form-field-message\" rows=\"4\"><\/textarea>\t\t\t\t<\/div>\n\t\t\t\t\t\t\t\t<div class=\"elementor-field-type-acceptance elementor-field-group elementor-column elementor-field-group-field_4 elementor-col-100 elementor-field-required\">\n\t\t\t\t\t\t\t<div class=\"elementor-field-subgroup\">\n\t\t\t<span class=\"elementor-field-option\">\n\t\t\t\t<input type=\"checkbox\" name=\"form_fields[field_4]\" id=\"form-field-field_4\" class=\"elementor-field elementor-size-sm  elementor-acceptance-field\" required=\"required\">\n\t\t\t\t<label for=\"form-field-field_4\"> <span class=\"politica-formulario\">He llegit i accepto les <a href=\"https:\/\/jomesa.es\/ca\/avis-legal\/\">pol\u00edtiques de privacitat<\/a><\/span><\/label>\t\t\t<\/span>\n\t\t<\/div>\n\t\t\t\t\t\t<\/div>\n\t\t\t\t\t\t\t\t<div class=\"elementor-field-group elementor-column elementor-field-type-submit elementor-col-100 e-form__buttons\">\n\t\t\t\t\t<button class=\"elementor-button elementor-size-sm\" type=\"submit\">\n\t\t\t\t\t\t<span class=\"elementor-button-content-wrapper\">\n\t\t\t\t\t\t\t\t\t\t\t\t\t\t\t\t\t\t\t\t\t\t<span class=\"elementor-button-text\">ENVIAR<\/span>\n\t\t\t\t\t\t\t\t\t\t\t\t\t<\/span>\n\t\t\t\t\t<\/button>\n\t\t\t\t<\/div>\n\t\t\t<\/div>\n\t\t<\/form>\n\t\t\t\t\t\t<\/div>\n\t\t\t\t<\/div>\n\t\t\t\t<div class=\"elementor-element elementor-element-1f515157 elementor-widget elementor-widget-image\" data-id=\"1f515157\" data-element_type=\"widget\" data-widget_type=\"image.default\">\n\t\t\t\t<div class=\"elementor-widget-container\">\n\t\t\t\t\t\t\t\t\t\t\t\t\t\t\t\t<a href=\"tel:639302650\">\n\t\t\t\t\t\t\t<img decoding=\"async\" width=\"903\" height=\"349\" src=\"https:\/\/jomesa.es\/wp-content\/uploads\/2019\/08\/trucar-jomesa-1.jpg\" class=\"attachment-full size-full wp-image-3097\" alt=\"Truca&#039;ns al 639302650\" srcset=\"https:\/\/jomesa.es\/wp-content\/uploads\/2019\/08\/trucar-jomesa-1.jpg 903w, https:\/\/jomesa.es\/wp-content\/uploads\/2019\/08\/trucar-jomesa-1-300x116.jpg 300w, https:\/\/jomesa.es\/wp-content\/uploads\/2019\/08\/trucar-jomesa-1-768x297.jpg 768w\" sizes=\"(max-width: 903px) 100vw, 903px\" \/>\t\t\t\t\t\t\t\t<\/a>\n\t\t\t\t\t\t\t\t\t\t\t\t\t\t\t<\/div>\n\t\t\t\t<\/div>\n\t\t\t\t<div class=\"elementor-element elementor-element-569f074a elementor-widget elementor-widget-image\" data-id=\"569f074a\" data-element_type=\"widget\" data-widget_type=\"image.default\">\n\t\t\t\t<div class=\"elementor-widget-container\">\n\t\t\t\t\t\t\t\t\t\t\t\t\t\t\t<img decoding=\"async\" width=\"336\" height=\"291\" src=\"https:\/\/jomesa.es\/wp-content\/uploads\/2019\/07\/llamanos.png\" class=\"attachment-full size-full wp-image-3131\" alt=\"Truca&#039;ns per tel\u00e8fon\" srcset=\"https:\/\/jomesa.es\/wp-content\/uploads\/2019\/07\/llamanos.png 336w, https:\/\/jomesa.es\/wp-content\/uploads\/2019\/07\/llamanos-300x260.png 300w\" sizes=\"(max-width: 336px) 100vw, 336px\" \/>\t\t\t\t\t\t\t\t\t\t\t\t\t\t\t<\/div>\n\t\t\t\t<\/div>\n\t\t\t\t\t<\/div>\n\t\t<\/div>\n\t\t\t\t\t<\/div>\n\t\t<\/section>\n\t\t\t\t<\/div>\n\t\t","protected":false},"excerpt":{"rendered":"<p>M\u00c1QUINA RECREATIVA Woonsters Hotel Us agraden els fantasmes? Perqu\u00e8 esteu de sort. Amb aquest nou model de m\u00e0quina recreativa mixta podr\u00e0s viure emocions semblants a les que sents caminant per la casa del terror d&#8217;un parc d&#8217;atraccions. Woonsters Hotel: dotzenes d&#8217;oportunitats per guanyar Es tracta d&#8217;un hotel fantasmag\u00f2ric on trobar\u00e0s personatges amigables com Spiry, que [&hellip;]<\/p>\n","protected":false},"author":1,"featured_media":3215,"parent":0,"menu_order":0,"comment_status":"closed","ping_status":"closed","template":"","meta":{"_joinchat":[],"footnotes":""},"class_list":["post-3214","page","type-page","status-publish","has-post-thumbnail","hentry"],"yoast_head":"<!-- This site is optimized with the Yoast SEO plugin v27.3 - https:\/\/yoast.com\/product\/yoast-seo-wordpress\/ -->\n<title>Nou Model Wonsters Hotel - M\u00e1quinas recreativas Jomesa<\/title>\n<meta name=\"description\" content=\"Amb aquest nou model de m\u00e0quina recreativa mixta podr\u00e0s viure emocions semblants a les que sents caminant per la casa del terror d\u2019un parc d\u2019atraccions.\" \/>\n<meta name=\"robots\" content=\"noindex, follow\" \/>\n<meta property=\"og:locale\" content=\"ca_ES\" \/>\n<meta property=\"og:type\" content=\"article\" \/>\n<meta property=\"og:title\" content=\"Nou Model Wonsters Hotel - M\u00e1quinas recreativas Jomesa\" \/>\n<meta property=\"og:description\" content=\"Amb aquest nou model de m\u00e0quina recreativa mixta podr\u00e0s viure emocions semblants a les que sents caminant per la casa del terror d\u2019un parc d\u2019atraccions.\" \/>\n<meta property=\"og:url\" content=\"https:\/\/jomesa.es\/ca\/wonsters-hotel\/\" \/>\n<meta property=\"og:site_name\" content=\"M\u00e1quinas recreativas Jomesa\" \/>\n<meta property=\"article:modified_time\" content=\"2026-02-27T23:34:16+00:00\" \/>\n<meta property=\"og:image\" content=\"https:\/\/jomesa.es\/wp-content\/uploads\/2019\/06\/woonsters.jpg\" \/>\n\t<meta property=\"og:image:width\" content=\"250\" \/>\n\t<meta property=\"og:image:height\" content=\"250\" \/>\n\t<meta property=\"og:image:type\" content=\"image\/jpeg\" \/>\n<meta name=\"twitter:card\" content=\"summary_large_image\" \/>\n<meta name=\"twitter:label1\" content=\"Temps estimat de lectura\" \/>\n\t<meta name=\"twitter:data1\" content=\"2 minuts\" \/>\n<script type=\"application\/ld+json\" class=\"yoast-schema-graph\">{\"@context\":\"https:\\\/\\\/schema.org\",\"@graph\":[{\"@type\":\"WebPage\",\"@id\":\"https:\\\/\\\/jomesa.es\\\/ca\\\/wonsters-hotel\\\/\",\"url\":\"https:\\\/\\\/jomesa.es\\\/ca\\\/wonsters-hotel\\\/\",\"name\":\"Nou Model Wonsters Hotel - M\u00e1quinas recreativas Jomesa\",\"isPartOf\":{\"@id\":\"https:\\\/\\\/jomesa.es\\\/ca\\\/#website\"},\"primaryImageOfPage\":{\"@id\":\"https:\\\/\\\/jomesa.es\\\/ca\\\/wonsters-hotel\\\/#primaryimage\"},\"image\":{\"@id\":\"https:\\\/\\\/jomesa.es\\\/ca\\\/wonsters-hotel\\\/#primaryimage\"},\"thumbnailUrl\":\"https:\\\/\\\/jomesa.es\\\/wp-content\\\/uploads\\\/2019\\\/06\\\/woonsters.jpg\",\"datePublished\":\"2020-03-30T09:35:39+00:00\",\"dateModified\":\"2026-02-27T23:34:16+00:00\",\"description\":\"Amb aquest nou model de m\u00e0quina recreativa mixta podr\u00e0s viure emocions semblants a les que sents caminant per la casa del terror d\u2019un parc d\u2019atraccions.\",\"breadcrumb\":{\"@id\":\"https:\\\/\\\/jomesa.es\\\/ca\\\/wonsters-hotel\\\/#breadcrumb\"},\"inLanguage\":\"ca\",\"potentialAction\":[{\"@type\":\"ReadAction\",\"target\":[\"https:\\\/\\\/jomesa.es\\\/ca\\\/wonsters-hotel\\\/\"]}]},{\"@type\":\"ImageObject\",\"inLanguage\":\"ca\",\"@id\":\"https:\\\/\\\/jomesa.es\\\/ca\\\/wonsters-hotel\\\/#primaryimage\",\"url\":\"https:\\\/\\\/jomesa.es\\\/wp-content\\\/uploads\\\/2019\\\/06\\\/woonsters.jpg\",\"contentUrl\":\"https:\\\/\\\/jomesa.es\\\/wp-content\\\/uploads\\\/2019\\\/06\\\/woonsters.jpg\",\"width\":250,\"height\":250,\"caption\":\"Woonsters hotel\"},{\"@type\":\"BreadcrumbList\",\"@id\":\"https:\\\/\\\/jomesa.es\\\/ca\\\/wonsters-hotel\\\/#breadcrumb\",\"itemListElement\":[{\"@type\":\"ListItem\",\"position\":1,\"name\":\"Inicio\",\"item\":\"https:\\\/\\\/jomesa.es\\\/ca\\\/\"},{\"@type\":\"ListItem\",\"position\":2,\"name\":\"Wonsters Hotel\"}]},{\"@type\":\"WebSite\",\"@id\":\"https:\\\/\\\/jomesa.es\\\/ca\\\/#website\",\"url\":\"https:\\\/\\\/jomesa.es\\\/ca\\\/\",\"name\":\"M\u00e1quinas recreativas Jomesa\",\"description\":\"Operador independiente de m\u00e1quinas recreativas para bares en Barcelona, Tarragona y Lleida\",\"publisher\":{\"@id\":\"https:\\\/\\\/jomesa.es\\\/ca\\\/#organization\"},\"potentialAction\":[{\"@type\":\"SearchAction\",\"target\":{\"@type\":\"EntryPoint\",\"urlTemplate\":\"https:\\\/\\\/jomesa.es\\\/ca\\\/?s={search_term_string}\"},\"query-input\":{\"@type\":\"PropertyValueSpecification\",\"valueRequired\":true,\"valueName\":\"search_term_string\"}}],\"inLanguage\":\"ca\"},{\"@type\":\"Organization\",\"@id\":\"https:\\\/\\\/jomesa.es\\\/ca\\\/#organization\",\"name\":\"M\u00e1quinas recreativas Jomesa\",\"url\":\"https:\\\/\\\/jomesa.es\\\/ca\\\/\",\"logo\":{\"@type\":\"ImageObject\",\"inLanguage\":\"ca\",\"@id\":\"https:\\\/\\\/jomesa.es\\\/ca\\\/#\\\/schema\\\/logo\\\/image\\\/\",\"url\":\"https:\\\/\\\/jomesa.es\\\/wp-content\\\/uploads\\\/2020\\\/03\\\/LOGO-Jomesa-CMYK.png\",\"contentUrl\":\"https:\\\/\\\/jomesa.es\\\/wp-content\\\/uploads\\\/2020\\\/03\\\/LOGO-Jomesa-CMYK.png\",\"width\":1399,\"height\":336,\"caption\":\"M\u00e1quinas recreativas Jomesa\"},\"image\":{\"@id\":\"https:\\\/\\\/jomesa.es\\\/ca\\\/#\\\/schema\\\/logo\\\/image\\\/\"},\"sameAs\":[\"https:\\\/\\\/instagram.com\\\/jomesa_\"]}]}<\/script>\n<!-- \/ Yoast SEO plugin. -->","yoast_head_json":{"title":"Nou Model Wonsters Hotel - M\u00e1quinas recreativas Jomesa","description":"Amb aquest nou model de m\u00e0quina recreativa mixta podr\u00e0s viure emocions semblants a les que sents caminant per la casa del terror d\u2019un parc d\u2019atraccions.","robots":{"index":"noindex","follow":"follow"},"og_locale":"ca_ES","og_type":"article","og_title":"Nou Model Wonsters Hotel - M\u00e1quinas recreativas Jomesa","og_description":"Amb aquest nou model de m\u00e0quina recreativa mixta podr\u00e0s viure emocions semblants a les que sents caminant per la casa del terror d\u2019un parc d\u2019atraccions.","og_url":"https:\/\/jomesa.es\/ca\/wonsters-hotel\/","og_site_name":"M\u00e1quinas recreativas Jomesa","article_modified_time":"2026-02-27T23:34:16+00:00","og_image":[{"width":250,"height":250,"url":"https:\/\/jomesa.es\/wp-content\/uploads\/2019\/06\/woonsters.jpg","type":"image\/jpeg"}],"twitter_card":"summary_large_image","twitter_misc":{"Temps estimat de lectura":"2 minuts"},"schema":{"@context":"https:\/\/schema.org","@graph":[{"@type":"WebPage","@id":"https:\/\/jomesa.es\/ca\/wonsters-hotel\/","url":"https:\/\/jomesa.es\/ca\/wonsters-hotel\/","name":"Nou Model Wonsters Hotel - M\u00e1quinas recreativas Jomesa","isPartOf":{"@id":"https:\/\/jomesa.es\/ca\/#website"},"primaryImageOfPage":{"@id":"https:\/\/jomesa.es\/ca\/wonsters-hotel\/#primaryimage"},"image":{"@id":"https:\/\/jomesa.es\/ca\/wonsters-hotel\/#primaryimage"},"thumbnailUrl":"https:\/\/jomesa.es\/wp-content\/uploads\/2019\/06\/woonsters.jpg","datePublished":"2020-03-30T09:35:39+00:00","dateModified":"2026-02-27T23:34:16+00:00","description":"Amb aquest nou model de m\u00e0quina recreativa mixta podr\u00e0s viure emocions semblants a les que sents caminant per la casa del terror d\u2019un parc d\u2019atraccions.","breadcrumb":{"@id":"https:\/\/jomesa.es\/ca\/wonsters-hotel\/#breadcrumb"},"inLanguage":"ca","potentialAction":[{"@type":"ReadAction","target":["https:\/\/jomesa.es\/ca\/wonsters-hotel\/"]}]},{"@type":"ImageObject","inLanguage":"ca","@id":"https:\/\/jomesa.es\/ca\/wonsters-hotel\/#primaryimage","url":"https:\/\/jomesa.es\/wp-content\/uploads\/2019\/06\/woonsters.jpg","contentUrl":"https:\/\/jomesa.es\/wp-content\/uploads\/2019\/06\/woonsters.jpg","width":250,"height":250,"caption":"Woonsters hotel"},{"@type":"BreadcrumbList","@id":"https:\/\/jomesa.es\/ca\/wonsters-hotel\/#breadcrumb","itemListElement":[{"@type":"ListItem","position":1,"name":"Inicio","item":"https:\/\/jomesa.es\/ca\/"},{"@type":"ListItem","position":2,"name":"Wonsters Hotel"}]},{"@type":"WebSite","@id":"https:\/\/jomesa.es\/ca\/#website","url":"https:\/\/jomesa.es\/ca\/","name":"M\u00e1quinas recreativas Jomesa","description":"Operador independiente de m\u00e1quinas recreativas para bares en Barcelona, Tarragona y Lleida","publisher":{"@id":"https:\/\/jomesa.es\/ca\/#organization"},"potentialAction":[{"@type":"SearchAction","target":{"@type":"EntryPoint","urlTemplate":"https:\/\/jomesa.es\/ca\/?s={search_term_string}"},"query-input":{"@type":"PropertyValueSpecification","valueRequired":true,"valueName":"search_term_string"}}],"inLanguage":"ca"},{"@type":"Organization","@id":"https:\/\/jomesa.es\/ca\/#organization","name":"M\u00e1quinas recreativas Jomesa","url":"https:\/\/jomesa.es\/ca\/","logo":{"@type":"ImageObject","inLanguage":"ca","@id":"https:\/\/jomesa.es\/ca\/#\/schema\/logo\/image\/","url":"https:\/\/jomesa.es\/wp-content\/uploads\/2020\/03\/LOGO-Jomesa-CMYK.png","contentUrl":"https:\/\/jomesa.es\/wp-content\/uploads\/2020\/03\/LOGO-Jomesa-CMYK.png","width":1399,"height":336,"caption":"M\u00e1quinas recreativas Jomesa"},"image":{"@id":"https:\/\/jomesa.es\/ca\/#\/schema\/logo\/image\/"},"sameAs":["https:\/\/instagram.com\/jomesa_"]}]}},"_links":{"self":[{"href":"https:\/\/jomesa.es\/ca\/wp-json\/wp\/v2\/pages\/3214","targetHints":{"allow":["GET"]}}],"collection":[{"href":"https:\/\/jomesa.es\/ca\/wp-json\/wp\/v2\/pages"}],"about":[{"href":"https:\/\/jomesa.es\/ca\/wp-json\/wp\/v2\/types\/page"}],"author":[{"embeddable":true,"href":"https:\/\/jomesa.es\/ca\/wp-json\/wp\/v2\/users\/1"}],"replies":[{"embeddable":true,"href":"https:\/\/jomesa.es\/ca\/wp-json\/wp\/v2\/comments?post=3214"}],"version-history":[{"count":4,"href":"https:\/\/jomesa.es\/ca\/wp-json\/wp\/v2\/pages\/3214\/revisions"}],"predecessor-version":[{"id":8038,"href":"https:\/\/jomesa.es\/ca\/wp-json\/wp\/v2\/pages\/3214\/revisions\/8038"}],"wp:featuredmedia":[{"embeddable":true,"href":"https:\/\/jomesa.es\/ca\/wp-json\/wp\/v2\/media\/3215"}],"wp:attachment":[{"href":"https:\/\/jomesa.es\/ca\/wp-json\/wp\/v2\/media?parent=3214"}],"curies":[{"name":"wp","href":"https:\/\/api.w.org\/{rel}","templated":true}]}}