{"id":3204,"date":"2020-05-08T12:42:54","date_gmt":"2020-05-08T10:42:54","guid":{"rendered":"http:\/\/jomesa.es\/burlesque\/"},"modified":"2021-09-02T06:55:07","modified_gmt":"2021-09-02T04:55:07","slug":"burlesque","status":"publish","type":"page","link":"https:\/\/jomesa.es\/ca\/burlesque\/","title":{"rendered":"Burlesque"},"content":{"rendered":"\t\t<div data-elementor-type=\"wp-post\" data-elementor-id=\"3204\" class=\"elementor elementor-3204\" data-elementor-post-type=\"page\">\n\t\t\t\t\t\t<section class=\"elementor-section elementor-top-section elementor-element elementor-element-3fb121a9 elementor-section-boxed elementor-section-height-default elementor-section-height-default\" data-id=\"3fb121a9\" data-element_type=\"section\" data-settings=\"{&quot;background_background&quot;:&quot;classic&quot;}\">\n\t\t\t\t\t\t<div class=\"elementor-container elementor-column-gap-default\">\n\t\t\t\t\t<div class=\"elementor-column elementor-col-100 elementor-top-column elementor-element elementor-element-544f66a2\" data-id=\"544f66a2\" data-element_type=\"column\">\n\t\t\t<div class=\"elementor-widget-wrap elementor-element-populated\">\n\t\t\t\t\t\t<div class=\"elementor-element elementor-element-53ba39a7 elementor-widget elementor-widget-heading\" data-id=\"53ba39a7\" data-element_type=\"widget\" data-widget_type=\"heading.default\">\n\t\t\t\t<div class=\"elementor-widget-container\">\n\t\t\t\t\t<h1 class=\"elementor-heading-title elementor-size-xl\">M\u00e0quina escurabutxaques Burlesque<\/h1>\t\t\t\t<\/div>\n\t\t\t\t<\/div>\n\t\t\t\t\t<\/div>\n\t\t<\/div>\n\t\t\t\t\t<\/div>\n\t\t<\/section>\n\t\t\t\t<section class=\"elementor-section elementor-top-section elementor-element elementor-element-4864d1a5 elementor-section-boxed elementor-section-height-default elementor-section-height-default\" data-id=\"4864d1a5\" data-element_type=\"section\">\n\t\t\t\t\t\t<div class=\"elementor-container elementor-column-gap-default\">\n\t\t\t\t\t<div class=\"elementor-column elementor-col-50 elementor-top-column elementor-element elementor-element-73311a5b\" data-id=\"73311a5b\" data-element_type=\"column\">\n\t\t\t<div class=\"elementor-widget-wrap elementor-element-populated\">\n\t\t\t\t\t\t<div class=\"elementor-element elementor-element-454db20f elementor-widget elementor-widget-text-editor\" data-id=\"454db20f\" data-element_type=\"widget\" data-widget_type=\"text-editor.default\">\n\t\t\t\t<div class=\"elementor-widget-container\">\n\t\t\t\t\t\t\t\t\t<p>Burlesque \u00e9s un terme franc\u00e8s que podr\u00edem traduir a l&#8217;espanyol amb el terme \u201cburlesc\u201d. El burlesque va sorgir com un moviment literari i dramat\u00fargic en el segle XVI i tenia com a fil central la ridiculizaci\u00f3 d&#8217;un tema. Aquest estil utilitzava tant l&#8217;exageraci\u00f3 de trets com la par\u00f2dia, per a parlar d&#8217;un tema social ridiculitzant-lo i exaltant alguna cosa que socialment era inacceptable o denigrant.<\/p>\n<p>Doncs b\u00e9, aquest estil tan usat en el m\u00f3n teatral, per fi arriba als nostres bars de la m\u00e0 de la m\u00e0quina recreativa m\u00e9s nova fins avui.<\/p>\n\t\t\t\t\t\t\t\t<\/div>\n\t\t\t\t<\/div>\n\t\t\t\t<div class=\"elementor-element elementor-element-4c82a3bf elementor-widget elementor-widget-heading\" data-id=\"4c82a3bf\" data-element_type=\"widget\" data-widget_type=\"heading.default\">\n\t\t\t\t<div class=\"elementor-widget-container\">\n\t\t\t\t\t<h2 class=\"elementor-heading-title elementor-size-default\">Nova m\u00e0quina recreativa Burlesque de GYGNUS<\/h2>\t\t\t\t<\/div>\n\t\t\t\t<\/div>\n\t\t\t\t<div class=\"elementor-element elementor-element-6f1e458d elementor-widget elementor-widget-text-editor\" data-id=\"6f1e458d\" data-element_type=\"widget\" data-widget_type=\"text-editor.default\">\n\t\t\t\t<div class=\"elementor-widget-container\">\n\t\t\t\t\t\t\t\t\t<p>La nova plataforma\u00a0CYGNUS, en tenir m\u00e9s capacitat, dota a la m\u00e0quina d&#8217;una gr\u00e0fica espectacular amb la qual podr\u00e0s divertir-te sempre que vulguis.<\/p>\n<p>Inclou un joc b\u00e0sic de 3 corrons, una l\u00ednia guanyadora amb els jocs progressius, el puja el teu premi i un joc superior de 3 corrons i 8 l\u00ednies guanyadores amb diversos jocs m\u00e9s com el Descobreixi el Tresor, el Joc de les 3 Opcions, el de les Bombetes i l&#8217;Atrapa el Premi, entre altres.<\/p>\n<p>Troba-la en els diferents locals d&#8217;hostaleria que tenim a la ciutat de Barcelona i Lleida. Juga, diverteix-te i guanya com m\u00e9s premis millor. SORT!<\/p>\n\t\t\t\t\t\t\t\t<\/div>\n\t\t\t\t<\/div>\n\t\t\t\t<div class=\"elementor-element elementor-element-56c0fba2 elementor-widget elementor-widget-image\" data-id=\"56c0fba2\" data-element_type=\"widget\" data-widget_type=\"image.default\">\n\t\t\t\t<div class=\"elementor-widget-container\">\n\t\t\t\t\t\t\t\t\t\t\t\t\t\t\t<img fetchpriority=\"high\" decoding=\"async\" width=\"250\" height=\"250\" src=\"https:\/\/jomesa.es\/wp-content\/uploads\/2019\/06\/burlesque.jpg\" class=\"attachment-large size-large wp-image-3205\" alt=\"Recreativa Buslesque\" srcset=\"https:\/\/jomesa.es\/wp-content\/uploads\/2019\/06\/burlesque.jpg 250w, https:\/\/jomesa.es\/wp-content\/uploads\/2019\/06\/burlesque-150x150.jpg 150w\" sizes=\"(max-width: 250px) 100vw, 250px\" \/>\t\t\t\t\t\t\t\t\t\t\t\t\t\t\t<\/div>\n\t\t\t\t<\/div>\n\t\t\t\t\t<\/div>\n\t\t<\/div>\n\t\t\t\t<div class=\"elementor-column elementor-col-50 elementor-top-column elementor-element elementor-element-7c06696a\" data-id=\"7c06696a\" data-element_type=\"column\">\n\t\t\t<div class=\"elementor-widget-wrap elementor-element-populated\">\n\t\t\t\t\t\t<div class=\"elementor-element elementor-element-46a87356 elementor-button-align-stretch elementor-widget elementor-widget-global elementor-global-3655 elementor-global-184 elementor-widget-form\" data-id=\"46a87356\" data-element_type=\"widget\" data-settings=\"{&quot;step_next_label&quot;:&quot;Next&quot;,&quot;step_previous_label&quot;:&quot;Previous&quot;,&quot;button_width&quot;:&quot;100&quot;,&quot;step_type&quot;:&quot;number_text&quot;,&quot;step_icon_shape&quot;:&quot;circle&quot;}\" data-widget_type=\"form.default\">\n\t\t\t\t<div class=\"elementor-widget-container\">\n\t\t\t\t\t\t\t<form class=\"elementor-form\" method=\"post\" name=\"Nou formulari\" aria-label=\"Nou formulari\">\n\t\t\t<input type=\"hidden\" name=\"post_id\" value=\"3204\"\/>\n\t\t\t<input type=\"hidden\" name=\"form_id\" value=\"46a87356\"\/>\n\t\t\t<input type=\"hidden\" name=\"referer_title\" value=\"M\u00e1quinas recreativas Jomesa\" \/>\n\n\t\t\t\n\t\t\t<div class=\"elementor-form-fields-wrapper elementor-labels-above\">\n\t\t\t\t\t\t\t\t<div class=\"elementor-field-type-text elementor-field-group elementor-column elementor-field-group-name elementor-col-100 elementor-field-required\">\n\t\t\t\t\t\t\t\t\t\t\t\t<label for=\"form-field-name\" class=\"elementor-field-label\">\n\t\t\t\t\t\t\t\tNom\t\t\t\t\t\t\t<\/label>\n\t\t\t\t\t\t\t\t\t\t\t\t\t\t<input size=\"1\" type=\"text\" name=\"form_fields[name]\" id=\"form-field-name\" class=\"elementor-field elementor-size-sm  elementor-field-textual\" required=\"required\">\n\t\t\t\t\t\t\t\t\t\t\t<\/div>\n\t\t\t\t\t\t\t\t<div class=\"elementor-field-type-text elementor-field-group elementor-column elementor-field-group-field_1 elementor-col-100 elementor-field-required\">\n\t\t\t\t\t\t\t\t\t\t\t\t<label for=\"form-field-field_1\" class=\"elementor-field-label\">\n\t\t\t\t\t\t\t\tPoblaci\u00f3\t\t\t\t\t\t\t<\/label>\n\t\t\t\t\t\t\t\t\t\t\t\t\t\t<input size=\"1\" type=\"text\" name=\"form_fields[field_1]\" id=\"form-field-field_1\" class=\"elementor-field elementor-size-sm  elementor-field-textual\" required=\"required\">\n\t\t\t\t\t\t\t\t\t\t\t<\/div>\n\t\t\t\t\t\t\t\t<div class=\"elementor-field-type-tel elementor-field-group elementor-column elementor-field-group-field_2 elementor-col-100 elementor-field-required\">\n\t\t\t\t\t\t\t\t\t\t\t\t<label for=\"form-field-field_2\" class=\"elementor-field-label\">\n\t\t\t\t\t\t\t\tTel\u00e8fon\t\t\t\t\t\t\t<\/label>\n\t\t\t\t\t\t\t\t<input size=\"1\" type=\"tel\" name=\"form_fields[field_2]\" id=\"form-field-field_2\" class=\"elementor-field elementor-size-sm  elementor-field-textual\" required=\"required\" pattern=\"[0-9()#&amp;+*-=.]+\" title=\"Only numbers and phone characters (#, -, *, etc) are accepted.\">\n\n\t\t\t\t\t\t<\/div>\n\t\t\t\t\t\t\t\t<div class=\"elementor-field-type-email elementor-field-group elementor-column elementor-field-group-email elementor-col-100 elementor-field-required\">\n\t\t\t\t\t\t\t\t\t\t\t\t<label for=\"form-field-email\" class=\"elementor-field-label\">\n\t\t\t\t\t\t\t\tEmail\t\t\t\t\t\t\t<\/label>\n\t\t\t\t\t\t\t\t\t\t\t\t\t\t<input size=\"1\" type=\"email\" name=\"form_fields[email]\" id=\"form-field-email\" class=\"elementor-field elementor-size-sm  elementor-field-textual\" required=\"required\">\n\t\t\t\t\t\t\t\t\t\t\t<\/div>\n\t\t\t\t\t\t\t\t<div class=\"elementor-field-type-select elementor-field-group elementor-column elementor-field-group-field_3 elementor-col-100\">\n\t\t\t\t\t\t\t\t\t\t\t\t<label for=\"form-field-field_3\" class=\"elementor-field-label\">\n\t\t\t\t\t\t\t\tAssumpte\t\t\t\t\t\t\t<\/label>\n\t\t\t\t\t\t\t\t<div class=\"elementor-field elementor-select-wrapper remove-before \">\n\t\t\t<div class=\"select-caret-down-wrapper\">\n\t\t\t\t<i aria-hidden=\"true\" class=\"eicon-caret-down\"><\/i>\t\t\t<\/div>\n\t\t\t<select name=\"form_fields[field_3]\" id=\"form-field-field_3\" class=\"elementor-field-textual elementor-size-sm\">\n\t\t\t\t\t\t\t\t\t<option value=\"Nou Bar\">Nou Bar<\/option>\n\t\t\t\t\t\t\t\t\t<option value=\"Canvi operadora\">Canvi operadora<\/option>\n\t\t\t\t\t\t\t\t\t<option value=\"Altres\">Altres<\/option>\n\t\t\t\t\t\t\t<\/select>\n\t\t<\/div>\n\t\t\t\t\t\t<\/div>\n\t\t\t\t\t\t\t\t<div class=\"elementor-field-type-textarea elementor-field-group elementor-column elementor-field-group-message elementor-col-100\">\n\t\t\t\t\t\t\t\t\t\t\t\t<label for=\"form-field-message\" class=\"elementor-field-label\">\n\t\t\t\t\t\t\t\tMissatge\t\t\t\t\t\t\t<\/label>\n\t\t\t\t\t\t<textarea class=\"elementor-field-textual elementor-field  elementor-size-sm\" name=\"form_fields[message]\" id=\"form-field-message\" rows=\"4\"><\/textarea>\t\t\t\t<\/div>\n\t\t\t\t\t\t\t\t<div class=\"elementor-field-type-acceptance elementor-field-group elementor-column elementor-field-group-field_4 elementor-col-100 elementor-field-required\">\n\t\t\t\t\t\t\t<div class=\"elementor-field-subgroup\">\n\t\t\t<span class=\"elementor-field-option\">\n\t\t\t\t<input type=\"checkbox\" name=\"form_fields[field_4]\" id=\"form-field-field_4\" class=\"elementor-field elementor-size-sm  elementor-acceptance-field\" required=\"required\">\n\t\t\t\t<label for=\"form-field-field_4\"> <span class=\"politica-formulario\">He llegit i accepto les <a href=\"https:\/\/jomesa.es\/ca\/avis-legal\/\">pol\u00edtiques de privacitat<\/a><\/span><\/label>\t\t\t<\/span>\n\t\t<\/div>\n\t\t\t\t\t\t<\/div>\n\t\t\t\t\t\t\t\t<div class=\"elementor-field-group elementor-column elementor-field-type-submit elementor-col-100 e-form__buttons\">\n\t\t\t\t\t<button class=\"elementor-button elementor-size-sm\" type=\"submit\">\n\t\t\t\t\t\t<span class=\"elementor-button-content-wrapper\">\n\t\t\t\t\t\t\t\t\t\t\t\t\t\t\t\t\t\t\t\t\t\t<span class=\"elementor-button-text\">ENVIAR<\/span>\n\t\t\t\t\t\t\t\t\t\t\t\t\t<\/span>\n\t\t\t\t\t<\/button>\n\t\t\t\t<\/div>\n\t\t\t<\/div>\n\t\t<\/form>\n\t\t\t\t\t\t<\/div>\n\t\t\t\t<\/div>\n\t\t\t\t<div class=\"elementor-element elementor-element-75927b9 elementor-widget elementor-widget-image\" data-id=\"75927b9\" data-element_type=\"widget\" data-widget_type=\"image.default\">\n\t\t\t\t<div class=\"elementor-widget-container\">\n\t\t\t\t\t\t\t\t\t\t\t\t\t\t\t\t<a href=\"tel:639302650\">\n\t\t\t\t\t\t\t<img decoding=\"async\" width=\"903\" height=\"349\" src=\"https:\/\/jomesa.es\/wp-content\/uploads\/2019\/08\/trucar-jomesa-1.jpg\" class=\"attachment-full size-full wp-image-3097\" alt=\"Truca&#039;ns al 639302650\" srcset=\"https:\/\/jomesa.es\/wp-content\/uploads\/2019\/08\/trucar-jomesa-1.jpg 903w, https:\/\/jomesa.es\/wp-content\/uploads\/2019\/08\/trucar-jomesa-1-300x116.jpg 300w, https:\/\/jomesa.es\/wp-content\/uploads\/2019\/08\/trucar-jomesa-1-768x297.jpg 768w\" sizes=\"(max-width: 903px) 100vw, 903px\" \/>\t\t\t\t\t\t\t\t<\/a>\n\t\t\t\t\t\t\t\t\t\t\t\t\t\t\t<\/div>\n\t\t\t\t<\/div>\n\t\t\t\t<div class=\"elementor-element elementor-element-1fb60ec5 elementor-widget elementor-widget-image\" data-id=\"1fb60ec5\" data-element_type=\"widget\" data-widget_type=\"image.default\">\n\t\t\t\t<div class=\"elementor-widget-container\">\n\t\t\t\t\t\t\t\t\t\t\t\t\t\t\t<img decoding=\"async\" width=\"336\" height=\"291\" src=\"https:\/\/jomesa.es\/wp-content\/uploads\/2019\/07\/llamanos.png\" class=\"attachment-full size-full wp-image-3131\" alt=\"Truca&#039;ns per tel\u00e8fon\" srcset=\"https:\/\/jomesa.es\/wp-content\/uploads\/2019\/07\/llamanos.png 336w, https:\/\/jomesa.es\/wp-content\/uploads\/2019\/07\/llamanos-300x260.png 300w\" sizes=\"(max-width: 336px) 100vw, 336px\" \/>\t\t\t\t\t\t\t\t\t\t\t\t\t\t\t<\/div>\n\t\t\t\t<\/div>\n\t\t\t\t\t<\/div>\n\t\t<\/div>\n\t\t\t\t\t<\/div>\n\t\t<\/section>\n\t\t\t\t<\/div>\n\t\t","protected":false},"excerpt":{"rendered":"<p>M\u00e0quina escurabutxaques Burlesque Burlesque \u00e9s un terme franc\u00e8s que podr\u00edem traduir a l&#8217;espanyol amb el terme \u201cburlesc\u201d. El burlesque va sorgir com un moviment literari i dramat\u00fargic en el segle XVI i tenia com a fil central la ridiculizaci\u00f3 d&#8217;un tema. Aquest estil utilitzava tant l&#8217;exageraci\u00f3 de trets com la par\u00f2dia, per a parlar d&#8217;un [&hellip;]<\/p>\n","protected":false},"author":1,"featured_media":3205,"parent":0,"menu_order":0,"comment_status":"closed","ping_status":"closed","template":"","meta":{"_joinchat":[],"footnotes":""},"class_list":["post-3204","page","type-page","status-publish","has-post-thumbnail","hentry"],"yoast_head":"<!-- This site is optimized with the Yoast SEO plugin v27.3 - https:\/\/yoast.com\/product\/yoast-seo-wordpress\/ -->\n<title>Nova m\u00e0quina recreativa Burlesque - M\u00e1quinas recreativas Jomesa<\/title>\n<meta name=\"description\" content=\"La Nova m\u00e0quina recreativa Burlesque de GYGNUS dota a la m\u00e0quina d\u2019una gr\u00e0fica espectacular amb la qual podr\u00e0s divertir-te sempre que vulguis.\" \/>\n<meta name=\"robots\" content=\"noindex, follow\" \/>\n<meta property=\"og:locale\" content=\"ca_ES\" \/>\n<meta property=\"og:type\" content=\"article\" \/>\n<meta property=\"og:title\" content=\"Nova m\u00e0quina recreativa Burlesque - M\u00e1quinas recreativas Jomesa\" \/>\n<meta property=\"og:description\" content=\"La Nova m\u00e0quina recreativa Burlesque de GYGNUS dota a la m\u00e0quina d\u2019una gr\u00e0fica espectacular amb la qual podr\u00e0s divertir-te sempre que vulguis.\" \/>\n<meta property=\"og:url\" content=\"https:\/\/jomesa.es\/ca\/burlesque\/\" \/>\n<meta property=\"og:site_name\" content=\"M\u00e1quinas recreativas Jomesa\" \/>\n<meta property=\"article:modified_time\" content=\"2021-09-02T04:55:07+00:00\" \/>\n<meta property=\"og:image\" content=\"https:\/\/jomesa.es\/wp-content\/uploads\/2019\/06\/burlesque.jpg\" \/>\n\t<meta property=\"og:image:width\" content=\"250\" \/>\n\t<meta property=\"og:image:height\" content=\"250\" \/>\n\t<meta property=\"og:image:type\" content=\"image\/jpeg\" \/>\n<meta name=\"twitter:card\" content=\"summary_large_image\" \/>\n<meta name=\"twitter:label1\" content=\"Temps estimat de lectura\" \/>\n\t<meta name=\"twitter:data1\" content=\"2 minuts\" \/>\n<script type=\"application\/ld+json\" class=\"yoast-schema-graph\">{\"@context\":\"https:\\\/\\\/schema.org\",\"@graph\":[{\"@type\":\"WebPage\",\"@id\":\"https:\\\/\\\/jomesa.es\\\/ca\\\/burlesque\\\/\",\"url\":\"https:\\\/\\\/jomesa.es\\\/ca\\\/burlesque\\\/\",\"name\":\"Nova m\u00e0quina recreativa Burlesque - M\u00e1quinas recreativas Jomesa\",\"isPartOf\":{\"@id\":\"https:\\\/\\\/jomesa.es\\\/ca\\\/#website\"},\"primaryImageOfPage\":{\"@id\":\"https:\\\/\\\/jomesa.es\\\/ca\\\/burlesque\\\/#primaryimage\"},\"image\":{\"@id\":\"https:\\\/\\\/jomesa.es\\\/ca\\\/burlesque\\\/#primaryimage\"},\"thumbnailUrl\":\"https:\\\/\\\/jomesa.es\\\/wp-content\\\/uploads\\\/2019\\\/06\\\/burlesque.jpg\",\"datePublished\":\"2020-05-08T10:42:54+00:00\",\"dateModified\":\"2021-09-02T04:55:07+00:00\",\"description\":\"La Nova m\u00e0quina recreativa Burlesque de GYGNUS dota a la m\u00e0quina d\u2019una gr\u00e0fica espectacular amb la qual podr\u00e0s divertir-te sempre que vulguis.\",\"breadcrumb\":{\"@id\":\"https:\\\/\\\/jomesa.es\\\/ca\\\/burlesque\\\/#breadcrumb\"},\"inLanguage\":\"ca\",\"potentialAction\":[{\"@type\":\"ReadAction\",\"target\":[\"https:\\\/\\\/jomesa.es\\\/ca\\\/burlesque\\\/\"]}]},{\"@type\":\"ImageObject\",\"inLanguage\":\"ca\",\"@id\":\"https:\\\/\\\/jomesa.es\\\/ca\\\/burlesque\\\/#primaryimage\",\"url\":\"https:\\\/\\\/jomesa.es\\\/wp-content\\\/uploads\\\/2019\\\/06\\\/burlesque.jpg\",\"contentUrl\":\"https:\\\/\\\/jomesa.es\\\/wp-content\\\/uploads\\\/2019\\\/06\\\/burlesque.jpg\",\"width\":250,\"height\":250,\"caption\":\"Recreativa Buslesque\"},{\"@type\":\"BreadcrumbList\",\"@id\":\"https:\\\/\\\/jomesa.es\\\/ca\\\/burlesque\\\/#breadcrumb\",\"itemListElement\":[{\"@type\":\"ListItem\",\"position\":1,\"name\":\"Inicio\",\"item\":\"https:\\\/\\\/jomesa.es\\\/ca\\\/\"},{\"@type\":\"ListItem\",\"position\":2,\"name\":\"Burlesque\"}]},{\"@type\":\"WebSite\",\"@id\":\"https:\\\/\\\/jomesa.es\\\/ca\\\/#website\",\"url\":\"https:\\\/\\\/jomesa.es\\\/ca\\\/\",\"name\":\"M\u00e1quinas recreativas Jomesa\",\"description\":\"Operador independiente de m\u00e1quinas recreativas para bares en Barcelona, Tarragona y Lleida\",\"publisher\":{\"@id\":\"https:\\\/\\\/jomesa.es\\\/ca\\\/#organization\"},\"potentialAction\":[{\"@type\":\"SearchAction\",\"target\":{\"@type\":\"EntryPoint\",\"urlTemplate\":\"https:\\\/\\\/jomesa.es\\\/ca\\\/?s={search_term_string}\"},\"query-input\":{\"@type\":\"PropertyValueSpecification\",\"valueRequired\":true,\"valueName\":\"search_term_string\"}}],\"inLanguage\":\"ca\"},{\"@type\":\"Organization\",\"@id\":\"https:\\\/\\\/jomesa.es\\\/ca\\\/#organization\",\"name\":\"M\u00e1quinas recreativas Jomesa\",\"url\":\"https:\\\/\\\/jomesa.es\\\/ca\\\/\",\"logo\":{\"@type\":\"ImageObject\",\"inLanguage\":\"ca\",\"@id\":\"https:\\\/\\\/jomesa.es\\\/ca\\\/#\\\/schema\\\/logo\\\/image\\\/\",\"url\":\"https:\\\/\\\/jomesa.es\\\/wp-content\\\/uploads\\\/2020\\\/03\\\/LOGO-Jomesa-CMYK.png\",\"contentUrl\":\"https:\\\/\\\/jomesa.es\\\/wp-content\\\/uploads\\\/2020\\\/03\\\/LOGO-Jomesa-CMYK.png\",\"width\":1399,\"height\":336,\"caption\":\"M\u00e1quinas recreativas Jomesa\"},\"image\":{\"@id\":\"https:\\\/\\\/jomesa.es\\\/ca\\\/#\\\/schema\\\/logo\\\/image\\\/\"},\"sameAs\":[\"https:\\\/\\\/instagram.com\\\/jomesa_\"]}]}<\/script>\n<!-- \/ Yoast SEO plugin. -->","yoast_head_json":{"title":"Nova m\u00e0quina recreativa Burlesque - M\u00e1quinas recreativas Jomesa","description":"La Nova m\u00e0quina recreativa Burlesque de GYGNUS dota a la m\u00e0quina d\u2019una gr\u00e0fica espectacular amb la qual podr\u00e0s divertir-te sempre que vulguis.","robots":{"index":"noindex","follow":"follow"},"og_locale":"ca_ES","og_type":"article","og_title":"Nova m\u00e0quina recreativa Burlesque - M\u00e1quinas recreativas Jomesa","og_description":"La Nova m\u00e0quina recreativa Burlesque de GYGNUS dota a la m\u00e0quina d\u2019una gr\u00e0fica espectacular amb la qual podr\u00e0s divertir-te sempre que vulguis.","og_url":"https:\/\/jomesa.es\/ca\/burlesque\/","og_site_name":"M\u00e1quinas recreativas Jomesa","article_modified_time":"2021-09-02T04:55:07+00:00","og_image":[{"width":250,"height":250,"url":"https:\/\/jomesa.es\/wp-content\/uploads\/2019\/06\/burlesque.jpg","type":"image\/jpeg"}],"twitter_card":"summary_large_image","twitter_misc":{"Temps estimat de lectura":"2 minuts"},"schema":{"@context":"https:\/\/schema.org","@graph":[{"@type":"WebPage","@id":"https:\/\/jomesa.es\/ca\/burlesque\/","url":"https:\/\/jomesa.es\/ca\/burlesque\/","name":"Nova m\u00e0quina recreativa Burlesque - M\u00e1quinas recreativas Jomesa","isPartOf":{"@id":"https:\/\/jomesa.es\/ca\/#website"},"primaryImageOfPage":{"@id":"https:\/\/jomesa.es\/ca\/burlesque\/#primaryimage"},"image":{"@id":"https:\/\/jomesa.es\/ca\/burlesque\/#primaryimage"},"thumbnailUrl":"https:\/\/jomesa.es\/wp-content\/uploads\/2019\/06\/burlesque.jpg","datePublished":"2020-05-08T10:42:54+00:00","dateModified":"2021-09-02T04:55:07+00:00","description":"La Nova m\u00e0quina recreativa Burlesque de GYGNUS dota a la m\u00e0quina d\u2019una gr\u00e0fica espectacular amb la qual podr\u00e0s divertir-te sempre que vulguis.","breadcrumb":{"@id":"https:\/\/jomesa.es\/ca\/burlesque\/#breadcrumb"},"inLanguage":"ca","potentialAction":[{"@type":"ReadAction","target":["https:\/\/jomesa.es\/ca\/burlesque\/"]}]},{"@type":"ImageObject","inLanguage":"ca","@id":"https:\/\/jomesa.es\/ca\/burlesque\/#primaryimage","url":"https:\/\/jomesa.es\/wp-content\/uploads\/2019\/06\/burlesque.jpg","contentUrl":"https:\/\/jomesa.es\/wp-content\/uploads\/2019\/06\/burlesque.jpg","width":250,"height":250,"caption":"Recreativa Buslesque"},{"@type":"BreadcrumbList","@id":"https:\/\/jomesa.es\/ca\/burlesque\/#breadcrumb","itemListElement":[{"@type":"ListItem","position":1,"name":"Inicio","item":"https:\/\/jomesa.es\/ca\/"},{"@type":"ListItem","position":2,"name":"Burlesque"}]},{"@type":"WebSite","@id":"https:\/\/jomesa.es\/ca\/#website","url":"https:\/\/jomesa.es\/ca\/","name":"M\u00e1quinas recreativas Jomesa","description":"Operador independiente de m\u00e1quinas recreativas para bares en Barcelona, Tarragona y Lleida","publisher":{"@id":"https:\/\/jomesa.es\/ca\/#organization"},"potentialAction":[{"@type":"SearchAction","target":{"@type":"EntryPoint","urlTemplate":"https:\/\/jomesa.es\/ca\/?s={search_term_string}"},"query-input":{"@type":"PropertyValueSpecification","valueRequired":true,"valueName":"search_term_string"}}],"inLanguage":"ca"},{"@type":"Organization","@id":"https:\/\/jomesa.es\/ca\/#organization","name":"M\u00e1quinas recreativas Jomesa","url":"https:\/\/jomesa.es\/ca\/","logo":{"@type":"ImageObject","inLanguage":"ca","@id":"https:\/\/jomesa.es\/ca\/#\/schema\/logo\/image\/","url":"https:\/\/jomesa.es\/wp-content\/uploads\/2020\/03\/LOGO-Jomesa-CMYK.png","contentUrl":"https:\/\/jomesa.es\/wp-content\/uploads\/2020\/03\/LOGO-Jomesa-CMYK.png","width":1399,"height":336,"caption":"M\u00e1quinas recreativas Jomesa"},"image":{"@id":"https:\/\/jomesa.es\/ca\/#\/schema\/logo\/image\/"},"sameAs":["https:\/\/instagram.com\/jomesa_"]}]}},"_links":{"self":[{"href":"https:\/\/jomesa.es\/ca\/wp-json\/wp\/v2\/pages\/3204","targetHints":{"allow":["GET"]}}],"collection":[{"href":"https:\/\/jomesa.es\/ca\/wp-json\/wp\/v2\/pages"}],"about":[{"href":"https:\/\/jomesa.es\/ca\/wp-json\/wp\/v2\/types\/page"}],"author":[{"embeddable":true,"href":"https:\/\/jomesa.es\/ca\/wp-json\/wp\/v2\/users\/1"}],"replies":[{"embeddable":true,"href":"https:\/\/jomesa.es\/ca\/wp-json\/wp\/v2\/comments?post=3204"}],"version-history":[{"count":0,"href":"https:\/\/jomesa.es\/ca\/wp-json\/wp\/v2\/pages\/3204\/revisions"}],"wp:featuredmedia":[{"embeddable":true,"href":"https:\/\/jomesa.es\/ca\/wp-json\/wp\/v2\/media\/3205"}],"wp:attachment":[{"href":"https:\/\/jomesa.es\/ca\/wp-json\/wp\/v2\/media?parent=3204"}],"curies":[{"name":"wp","href":"https:\/\/api.w.org\/{rel}","templated":true}]}}