{"id":3138,"date":"2021-08-03T10:28:11","date_gmt":"2021-08-03T08:28:11","guid":{"rendered":"http:\/\/jomesa.es\/camping-cash\/"},"modified":"2021-08-03T10:28:37","modified_gmt":"2021-08-03T08:28:37","slug":"camping-cash","status":"publish","type":"page","link":"https:\/\/jomesa.es\/ca\/camping-cash\/","title":{"rendered":"Camping Cash"},"content":{"rendered":"\t\t<div data-elementor-type=\"wp-post\" data-elementor-id=\"3138\" class=\"elementor elementor-3138\" data-elementor-post-type=\"page\">\n\t\t\t\t\t\t<section class=\"elementor-section elementor-top-section elementor-element elementor-element-61d5de2a elementor-section-boxed elementor-section-height-default elementor-section-height-default\" data-id=\"61d5de2a\" data-element_type=\"section\" data-settings=\"{&quot;background_background&quot;:&quot;classic&quot;}\">\n\t\t\t\t\t\t<div class=\"elementor-container elementor-column-gap-default\">\n\t\t\t\t\t<div class=\"elementor-column elementor-col-100 elementor-top-column elementor-element elementor-element-27d0e58b\" data-id=\"27d0e58b\" data-element_type=\"column\">\n\t\t\t<div class=\"elementor-widget-wrap elementor-element-populated\">\n\t\t\t\t\t\t<div class=\"elementor-element elementor-element-5550c016 elementor-widget elementor-widget-heading\" data-id=\"5550c016\" data-element_type=\"widget\" data-widget_type=\"heading.default\">\n\t\t\t\t<div class=\"elementor-widget-container\">\n\t\t\t\t\t<h1 class=\"elementor-heading-title elementor-size-xl\">\nC\u00e0mping Cash<\/h1>\t\t\t\t<\/div>\n\t\t\t\t<\/div>\n\t\t\t\t\t<\/div>\n\t\t<\/div>\n\t\t\t\t\t<\/div>\n\t\t<\/section>\n\t\t\t\t<section class=\"elementor-section elementor-top-section elementor-element elementor-element-7195d7a9 elementor-section-boxed elementor-section-height-default elementor-section-height-default\" data-id=\"7195d7a9\" data-element_type=\"section\">\n\t\t\t\t\t\t<div class=\"elementor-container elementor-column-gap-default\">\n\t\t\t\t\t<div class=\"elementor-column elementor-col-50 elementor-top-column elementor-element elementor-element-70b77ef0\" data-id=\"70b77ef0\" data-element_type=\"column\">\n\t\t\t<div class=\"elementor-widget-wrap elementor-element-populated\">\n\t\t\t\t\t\t<div class=\"elementor-element elementor-element-34709396 elementor-widget elementor-widget-text-editor\" data-id=\"34709396\" data-element_type=\"widget\" data-widget_type=\"text-editor.default\">\n\t\t\t\t<div class=\"elementor-widget-container\">\n\t\t\t\t\t\t\t\t\t<p>C\u00e0mping\u00a0Cash\u00a0\u00e9s la m\u00e0quina recreativa tipus B mixta (corrons i v\u00eddeo) per excel\u00b7l\u00e8ncia.<\/p>\n<p>Amb les seves dues pantalles panor\u00e0miques et semblar\u00e0 que est\u00e0s en el camp gaudint d&#8217;un gran dia de p\u00edcnic i sol.<\/p>\n<p>Descobreix el joc de \u201cPernil A\u00a0Tutipl\u00e9n\u201d\u00a0o si ho prefereixes juga al de les \u201cformigues Goludes\u201d o al \u201cEmbolic en el Riu\u201d, podr\u00e0s accedir a qualsevol dels tres jocs despr\u00e9s d&#8217;aconseguir alinear en els corrons 3 pilotes inflables, o b\u00e9 3 paelles de marisc i\/o 3 neveres de c\u00e0mping.<\/p>\n\t\t\t\t\t\t\t\t<\/div>\n\t\t\t\t<\/div>\n\t\t\t\t<div class=\"elementor-element elementor-element-d960988 elementor-widget elementor-widget-heading\" data-id=\"d960988\" data-element_type=\"widget\" data-widget_type=\"heading.default\">\n\t\t\t\t<div class=\"elementor-widget-container\">\n\t\t\t\t\t<h2 class=\"elementor-heading-title elementor-size-default\">Juga m\u00e9s amb C\u00e0mping Cash: m\u00e0quina mixta amb corrons i minijocs interactius<\/h2>\t\t\t\t<\/div>\n\t\t\t\t<\/div>\n\t\t\t\t<div class=\"elementor-element elementor-element-72e2eb7a elementor-widget elementor-widget-text-editor\" data-id=\"72e2eb7a\" data-element_type=\"widget\" data-widget_type=\"text-editor.default\">\n\t\t\t\t<div class=\"elementor-widget-container\">\n\t\t\t\t\t\t\t\t\t<p>Tria entre jugar a 5 l\u00ednies o b\u00e9 8 l\u00ednies i acumula partides per a poder jugar al joc addicional on haur\u00e0s d&#8217;encarregar-te de fer que el Sr. Mostatxo avanci per una branca sense caure per a aconseguir la major quantitat de premis possibles.<\/p>\n<p>I no deixis d&#8217;intentar obtenir la combinaci\u00f3 de 3 xori\u00e7os en la l\u00ednia guanyadora, llan\u00e7a el xori\u00e7o dins d&#8217;una de les tres barbacoes i aconsegueix el premi m\u00e9s esperat.<\/p>\n<p>Atreveix-te a passar un dia en el camp amb la nostra escurabutxaques i descobreix totes les sorpreses i premis que s&#8217;amaguen!<\/p>\n<p>Aquest model de m\u00e0quina recreativa podr\u00e0s trobar-lo en els nostres bars d&#8217;Arag\u00f3 i Catalunya, tant a Barcelona com Saragossa, Lleida, Tarragona i Osca.<\/p>\n\t\t\t\t\t\t\t\t<\/div>\n\t\t\t\t<\/div>\n\t\t\t\t<div class=\"elementor-element elementor-element-1a88924c elementor-widget elementor-widget-image\" data-id=\"1a88924c\" data-element_type=\"widget\" data-widget_type=\"image.default\">\n\t\t\t\t<div class=\"elementor-widget-container\">\n\t\t\t\t\t\t\t\t\t\t\t\t\t\t\t<img fetchpriority=\"high\" decoding=\"async\" width=\"250\" height=\"250\" src=\"https:\/\/jomesa.es\/wp-content\/uploads\/2019\/06\/camping.png\" class=\"attachment-large size-large wp-image-3140\" alt=\"M\u00e0quina recreativa model Camping\" srcset=\"https:\/\/jomesa.es\/wp-content\/uploads\/2019\/06\/camping.png 250w, https:\/\/jomesa.es\/wp-content\/uploads\/2019\/06\/camping-150x150.png 150w\" sizes=\"(max-width: 250px) 100vw, 250px\" \/>\t\t\t\t\t\t\t\t\t\t\t\t\t\t\t<\/div>\n\t\t\t\t<\/div>\n\t\t\t\t<div class=\"elementor-element elementor-element-d766fab elementor-align-center elementor-widget elementor-widget-button\" data-id=\"d766fab\" data-element_type=\"widget\" data-widget_type=\"button.default\">\n\t\t\t\t<div class=\"elementor-widget-container\">\n\t\t\t\t\t\t\t\t\t<div class=\"elementor-button-wrapper\">\n\t\t\t\t\t<a class=\"elementor-button elementor-button-link elementor-size-lg\" href=\"http:\/\/jomesa.es\/wp-content\/uploads\/2014\/10\/Camping_Cash.pdf\" target=\"_blank\">\n\t\t\t\t\t\t<span class=\"elementor-button-content-wrapper\">\n\t\t\t\t\t\t<span class=\"elementor-button-icon\">\n\t\t\t\t<i aria-hidden=\"true\" class=\"fas fa-file-pdf\"><\/i>\t\t\t<\/span>\n\t\t\t\t\t\t\t\t\t<span class=\"elementor-button-text\">Descarregar PDF<\/span>\n\t\t\t\t\t<\/span>\n\t\t\t\t\t<\/a>\n\t\t\t\t<\/div>\n\t\t\t\t\t\t\t\t<\/div>\n\t\t\t\t<\/div>\n\t\t\t\t\t<\/div>\n\t\t<\/div>\n\t\t\t\t<div class=\"elementor-column elementor-col-50 elementor-top-column elementor-element elementor-element-2c461c0b\" data-id=\"2c461c0b\" data-element_type=\"column\">\n\t\t\t<div class=\"elementor-widget-wrap elementor-element-populated\">\n\t\t\t\t\t\t<div class=\"elementor-element elementor-element-49d4366a elementor-button-align-stretch elementor-widget elementor-widget-global elementor-global-3655 elementor-global-184 elementor-widget-form\" data-id=\"49d4366a\" data-element_type=\"widget\" data-settings=\"{&quot;step_next_label&quot;:&quot;Next&quot;,&quot;step_previous_label&quot;:&quot;Previous&quot;,&quot;button_width&quot;:&quot;100&quot;,&quot;step_type&quot;:&quot;number_text&quot;,&quot;step_icon_shape&quot;:&quot;circle&quot;}\" data-widget_type=\"form.default\">\n\t\t\t\t<div class=\"elementor-widget-container\">\n\t\t\t\t\t\t\t<form class=\"elementor-form\" method=\"post\" name=\"Nou formulari\" aria-label=\"Nou formulari\">\n\t\t\t<input type=\"hidden\" name=\"post_id\" value=\"3138\"\/>\n\t\t\t<input type=\"hidden\" name=\"form_id\" value=\"49d4366a\"\/>\n\t\t\t<input type=\"hidden\" name=\"referer_title\" value=\"M\u00e1quinas recreativas Jomesa\" \/>\n\n\t\t\t\n\t\t\t<div class=\"elementor-form-fields-wrapper elementor-labels-above\">\n\t\t\t\t\t\t\t\t<div class=\"elementor-field-type-text elementor-field-group elementor-column elementor-field-group-name elementor-col-100 elementor-field-required\">\n\t\t\t\t\t\t\t\t\t\t\t\t<label for=\"form-field-name\" class=\"elementor-field-label\">\n\t\t\t\t\t\t\t\tNom\t\t\t\t\t\t\t<\/label>\n\t\t\t\t\t\t\t\t\t\t\t\t\t\t<input size=\"1\" type=\"text\" name=\"form_fields[name]\" id=\"form-field-name\" class=\"elementor-field elementor-size-sm  elementor-field-textual\" required=\"required\">\n\t\t\t\t\t\t\t\t\t\t\t<\/div>\n\t\t\t\t\t\t\t\t<div class=\"elementor-field-type-text elementor-field-group elementor-column elementor-field-group-field_1 elementor-col-100 elementor-field-required\">\n\t\t\t\t\t\t\t\t\t\t\t\t<label for=\"form-field-field_1\" class=\"elementor-field-label\">\n\t\t\t\t\t\t\t\tPoblaci\u00f3\t\t\t\t\t\t\t<\/label>\n\t\t\t\t\t\t\t\t\t\t\t\t\t\t<input size=\"1\" type=\"text\" name=\"form_fields[field_1]\" id=\"form-field-field_1\" class=\"elementor-field elementor-size-sm  elementor-field-textual\" required=\"required\">\n\t\t\t\t\t\t\t\t\t\t\t<\/div>\n\t\t\t\t\t\t\t\t<div class=\"elementor-field-type-tel elementor-field-group elementor-column elementor-field-group-field_2 elementor-col-100 elementor-field-required\">\n\t\t\t\t\t\t\t\t\t\t\t\t<label for=\"form-field-field_2\" class=\"elementor-field-label\">\n\t\t\t\t\t\t\t\tTel\u00e8fon\t\t\t\t\t\t\t<\/label>\n\t\t\t\t\t\t\t\t<input size=\"1\" type=\"tel\" name=\"form_fields[field_2]\" id=\"form-field-field_2\" class=\"elementor-field elementor-size-sm  elementor-field-textual\" required=\"required\" pattern=\"[0-9()#&amp;+*-=.]+\" title=\"Only numbers and phone characters (#, -, *, etc) are accepted.\">\n\n\t\t\t\t\t\t<\/div>\n\t\t\t\t\t\t\t\t<div class=\"elementor-field-type-email elementor-field-group elementor-column elementor-field-group-email elementor-col-100 elementor-field-required\">\n\t\t\t\t\t\t\t\t\t\t\t\t<label for=\"form-field-email\" class=\"elementor-field-label\">\n\t\t\t\t\t\t\t\tEmail\t\t\t\t\t\t\t<\/label>\n\t\t\t\t\t\t\t\t\t\t\t\t\t\t<input size=\"1\" type=\"email\" name=\"form_fields[email]\" id=\"form-field-email\" class=\"elementor-field elementor-size-sm  elementor-field-textual\" required=\"required\">\n\t\t\t\t\t\t\t\t\t\t\t<\/div>\n\t\t\t\t\t\t\t\t<div class=\"elementor-field-type-select elementor-field-group elementor-column elementor-field-group-field_3 elementor-col-100\">\n\t\t\t\t\t\t\t\t\t\t\t\t<label for=\"form-field-field_3\" class=\"elementor-field-label\">\n\t\t\t\t\t\t\t\tAssumpte\t\t\t\t\t\t\t<\/label>\n\t\t\t\t\t\t\t\t<div class=\"elementor-field elementor-select-wrapper remove-before \">\n\t\t\t<div class=\"select-caret-down-wrapper\">\n\t\t\t\t<i aria-hidden=\"true\" class=\"eicon-caret-down\"><\/i>\t\t\t<\/div>\n\t\t\t<select name=\"form_fields[field_3]\" id=\"form-field-field_3\" class=\"elementor-field-textual elementor-size-sm\">\n\t\t\t\t\t\t\t\t\t<option value=\"Nou Bar\">Nou Bar<\/option>\n\t\t\t\t\t\t\t\t\t<option value=\"Canvi operadora\">Canvi operadora<\/option>\n\t\t\t\t\t\t\t\t\t<option value=\"Altres\">Altres<\/option>\n\t\t\t\t\t\t\t<\/select>\n\t\t<\/div>\n\t\t\t\t\t\t<\/div>\n\t\t\t\t\t\t\t\t<div class=\"elementor-field-type-textarea elementor-field-group elementor-column elementor-field-group-message elementor-col-100\">\n\t\t\t\t\t\t\t\t\t\t\t\t<label for=\"form-field-message\" class=\"elementor-field-label\">\n\t\t\t\t\t\t\t\tMissatge\t\t\t\t\t\t\t<\/label>\n\t\t\t\t\t\t<textarea class=\"elementor-field-textual elementor-field  elementor-size-sm\" name=\"form_fields[message]\" id=\"form-field-message\" rows=\"4\"><\/textarea>\t\t\t\t<\/div>\n\t\t\t\t\t\t\t\t<div class=\"elementor-field-type-acceptance elementor-field-group elementor-column elementor-field-group-field_4 elementor-col-100 elementor-field-required\">\n\t\t\t\t\t\t\t<div class=\"elementor-field-subgroup\">\n\t\t\t<span class=\"elementor-field-option\">\n\t\t\t\t<input type=\"checkbox\" name=\"form_fields[field_4]\" id=\"form-field-field_4\" class=\"elementor-field elementor-size-sm  elementor-acceptance-field\" required=\"required\">\n\t\t\t\t<label for=\"form-field-field_4\"> <span class=\"politica-formulario\">He llegit i accepto les <a href=\"https:\/\/jomesa.es\/ca\/avis-legal\/\">pol\u00edtiques de privacitat<\/a><\/span><\/label>\t\t\t<\/span>\n\t\t<\/div>\n\t\t\t\t\t\t<\/div>\n\t\t\t\t\t\t\t\t<div class=\"elementor-field-group elementor-column elementor-field-type-submit elementor-col-100 e-form__buttons\">\n\t\t\t\t\t<button class=\"elementor-button elementor-size-sm\" type=\"submit\">\n\t\t\t\t\t\t<span class=\"elementor-button-content-wrapper\">\n\t\t\t\t\t\t\t\t\t\t\t\t\t\t\t\t\t\t\t\t\t\t<span class=\"elementor-button-text\">ENVIAR<\/span>\n\t\t\t\t\t\t\t\t\t\t\t\t\t<\/span>\n\t\t\t\t\t<\/button>\n\t\t\t\t<\/div>\n\t\t\t<\/div>\n\t\t<\/form>\n\t\t\t\t\t\t<\/div>\n\t\t\t\t<\/div>\n\t\t\t\t<div class=\"elementor-element elementor-element-74278424 elementor-widget elementor-widget-image\" data-id=\"74278424\" data-element_type=\"widget\" data-widget_type=\"image.default\">\n\t\t\t\t<div class=\"elementor-widget-container\">\n\t\t\t\t\t\t\t\t\t\t\t\t\t\t\t\t<a href=\"tel:639302650\">\n\t\t\t\t\t\t\t<img decoding=\"async\" width=\"903\" height=\"349\" src=\"https:\/\/jomesa.es\/wp-content\/uploads\/2019\/08\/trucar-jomesa-1.jpg\" class=\"attachment-full size-full wp-image-3097\" alt=\"Truca&#039;ns al 639302650\" srcset=\"https:\/\/jomesa.es\/wp-content\/uploads\/2019\/08\/trucar-jomesa-1.jpg 903w, https:\/\/jomesa.es\/wp-content\/uploads\/2019\/08\/trucar-jomesa-1-300x116.jpg 300w, https:\/\/jomesa.es\/wp-content\/uploads\/2019\/08\/trucar-jomesa-1-768x297.jpg 768w\" sizes=\"(max-width: 903px) 100vw, 903px\" \/>\t\t\t\t\t\t\t\t<\/a>\n\t\t\t\t\t\t\t\t\t\t\t\t\t\t\t<\/div>\n\t\t\t\t<\/div>\n\t\t\t\t<div class=\"elementor-element elementor-element-517c868c elementor-widget elementor-widget-image\" data-id=\"517c868c\" data-element_type=\"widget\" data-widget_type=\"image.default\">\n\t\t\t\t<div class=\"elementor-widget-container\">\n\t\t\t\t\t\t\t\t\t\t\t\t\t\t\t<img decoding=\"async\" width=\"336\" height=\"291\" src=\"https:\/\/jomesa.es\/wp-content\/uploads\/2019\/07\/llamanos.png\" class=\"attachment-full size-full wp-image-3131\" alt=\"Truca&#039;ns per tel\u00e8fon\" srcset=\"https:\/\/jomesa.es\/wp-content\/uploads\/2019\/07\/llamanos.png 336w, https:\/\/jomesa.es\/wp-content\/uploads\/2019\/07\/llamanos-300x260.png 300w\" sizes=\"(max-width: 336px) 100vw, 336px\" \/>\t\t\t\t\t\t\t\t\t\t\t\t\t\t\t<\/div>\n\t\t\t\t<\/div>\n\t\t\t\t\t<\/div>\n\t\t<\/div>\n\t\t\t\t\t<\/div>\n\t\t<\/section>\n\t\t\t\t<\/div>\n\t\t","protected":false},"excerpt":{"rendered":"<p>C\u00e0mping Cash C\u00e0mping\u00a0Cash\u00a0\u00e9s la m\u00e0quina recreativa tipus B mixta (corrons i v\u00eddeo) per excel\u00b7l\u00e8ncia. Amb les seves dues pantalles panor\u00e0miques et semblar\u00e0 que est\u00e0s en el camp gaudint d&#8217;un gran dia de p\u00edcnic i sol. Descobreix el joc de \u201cPernil A\u00a0Tutipl\u00e9n\u201d\u00a0o si ho prefereixes juga al de les \u201cformigues Goludes\u201d o al \u201cEmbolic en el [&hellip;]<\/p>\n","protected":false},"author":1,"featured_media":3140,"parent":0,"menu_order":0,"comment_status":"closed","ping_status":"closed","template":"","meta":{"_joinchat":[],"footnotes":""},"class_list":["post-3138","page","type-page","status-publish","has-post-thumbnail","hentry"],"yoast_head":"<!-- This site is optimized with the Yoast SEO plugin v27.3 - https:\/\/yoast.com\/product\/yoast-seo-wordpress\/ -->\n<title>M\u00e0quina escurabutxaques Camping Cash - M\u00e1quinas recreativas Jomesa<\/title>\n<meta name=\"description\" content=\"C\u00e0mping Cash \u00e9s la m\u00e0quina recreativa tipus B mixta (corrons i v\u00eddeo) per excel\u00b7l\u00e8ncia. Amb les seves dues pantalles panor\u00e0miques. Informa-te&#039;n.\" \/>\n<meta name=\"robots\" content=\"noindex, follow\" \/>\n<meta property=\"og:locale\" content=\"ca_ES\" \/>\n<meta property=\"og:type\" content=\"article\" \/>\n<meta property=\"og:title\" content=\"M\u00e0quina escurabutxaques Camping Cash - M\u00e1quinas recreativas Jomesa\" \/>\n<meta property=\"og:description\" content=\"C\u00e0mping Cash \u00e9s la m\u00e0quina recreativa tipus B mixta (corrons i v\u00eddeo) per excel\u00b7l\u00e8ncia. Amb les seves dues pantalles panor\u00e0miques. Informa-te&#039;n.\" \/>\n<meta property=\"og:url\" content=\"https:\/\/jomesa.es\/ca\/camping-cash\/\" \/>\n<meta property=\"og:site_name\" content=\"M\u00e1quinas recreativas Jomesa\" \/>\n<meta property=\"article:modified_time\" content=\"2021-08-03T08:28:37+00:00\" \/>\n<meta property=\"og:image\" content=\"https:\/\/jomesa.es\/wp-content\/uploads\/2019\/06\/camping.png\" \/>\n\t<meta property=\"og:image:width\" content=\"250\" \/>\n\t<meta property=\"og:image:height\" content=\"250\" \/>\n\t<meta property=\"og:image:type\" content=\"image\/png\" \/>\n<meta name=\"twitter:card\" content=\"summary_large_image\" \/>\n<meta name=\"twitter:label1\" content=\"Temps estimat de lectura\" \/>\n\t<meta name=\"twitter:data1\" content=\"2 minuts\" \/>\n<script type=\"application\/ld+json\" class=\"yoast-schema-graph\">{\"@context\":\"https:\\\/\\\/schema.org\",\"@graph\":[{\"@type\":\"WebPage\",\"@id\":\"https:\\\/\\\/jomesa.es\\\/ca\\\/camping-cash\\\/\",\"url\":\"https:\\\/\\\/jomesa.es\\\/ca\\\/camping-cash\\\/\",\"name\":\"M\u00e0quina escurabutxaques Camping Cash - M\u00e1quinas recreativas Jomesa\",\"isPartOf\":{\"@id\":\"https:\\\/\\\/jomesa.es\\\/ca\\\/#website\"},\"primaryImageOfPage\":{\"@id\":\"https:\\\/\\\/jomesa.es\\\/ca\\\/camping-cash\\\/#primaryimage\"},\"image\":{\"@id\":\"https:\\\/\\\/jomesa.es\\\/ca\\\/camping-cash\\\/#primaryimage\"},\"thumbnailUrl\":\"https:\\\/\\\/jomesa.es\\\/wp-content\\\/uploads\\\/2019\\\/06\\\/camping.png\",\"datePublished\":\"2021-08-03T08:28:11+00:00\",\"dateModified\":\"2021-08-03T08:28:37+00:00\",\"description\":\"C\u00e0mping Cash \u00e9s la m\u00e0quina recreativa tipus B mixta (corrons i v\u00eddeo) per excel\u00b7l\u00e8ncia. Amb les seves dues pantalles panor\u00e0miques. Informa-te'n.\",\"breadcrumb\":{\"@id\":\"https:\\\/\\\/jomesa.es\\\/ca\\\/camping-cash\\\/#breadcrumb\"},\"inLanguage\":\"ca\",\"potentialAction\":[{\"@type\":\"ReadAction\",\"target\":[\"https:\\\/\\\/jomesa.es\\\/ca\\\/camping-cash\\\/\"]}]},{\"@type\":\"ImageObject\",\"inLanguage\":\"ca\",\"@id\":\"https:\\\/\\\/jomesa.es\\\/ca\\\/camping-cash\\\/#primaryimage\",\"url\":\"https:\\\/\\\/jomesa.es\\\/wp-content\\\/uploads\\\/2019\\\/06\\\/camping.png\",\"contentUrl\":\"https:\\\/\\\/jomesa.es\\\/wp-content\\\/uploads\\\/2019\\\/06\\\/camping.png\",\"width\":250,\"height\":250,\"caption\":\"M\u00e0quina recreativa model Camping\"},{\"@type\":\"BreadcrumbList\",\"@id\":\"https:\\\/\\\/jomesa.es\\\/ca\\\/camping-cash\\\/#breadcrumb\",\"itemListElement\":[{\"@type\":\"ListItem\",\"position\":1,\"name\":\"Inicio\",\"item\":\"https:\\\/\\\/jomesa.es\\\/ca\\\/\"},{\"@type\":\"ListItem\",\"position\":2,\"name\":\"Camping Cash\"}]},{\"@type\":\"WebSite\",\"@id\":\"https:\\\/\\\/jomesa.es\\\/ca\\\/#website\",\"url\":\"https:\\\/\\\/jomesa.es\\\/ca\\\/\",\"name\":\"M\u00e1quinas recreativas Jomesa\",\"description\":\"Operador independiente de m\u00e1quinas recreativas para bares en Barcelona, Tarragona y Lleida\",\"publisher\":{\"@id\":\"https:\\\/\\\/jomesa.es\\\/ca\\\/#organization\"},\"potentialAction\":[{\"@type\":\"SearchAction\",\"target\":{\"@type\":\"EntryPoint\",\"urlTemplate\":\"https:\\\/\\\/jomesa.es\\\/ca\\\/?s={search_term_string}\"},\"query-input\":{\"@type\":\"PropertyValueSpecification\",\"valueRequired\":true,\"valueName\":\"search_term_string\"}}],\"inLanguage\":\"ca\"},{\"@type\":\"Organization\",\"@id\":\"https:\\\/\\\/jomesa.es\\\/ca\\\/#organization\",\"name\":\"M\u00e1quinas recreativas Jomesa\",\"url\":\"https:\\\/\\\/jomesa.es\\\/ca\\\/\",\"logo\":{\"@type\":\"ImageObject\",\"inLanguage\":\"ca\",\"@id\":\"https:\\\/\\\/jomesa.es\\\/ca\\\/#\\\/schema\\\/logo\\\/image\\\/\",\"url\":\"https:\\\/\\\/jomesa.es\\\/wp-content\\\/uploads\\\/2026\\\/04\\\/LOGO-Jomesa-CMYK-Petit.png\",\"contentUrl\":\"https:\\\/\\\/jomesa.es\\\/wp-content\\\/uploads\\\/2026\\\/04\\\/LOGO-Jomesa-CMYK-Petit.png\",\"width\":369,\"height\":88,\"caption\":\"M\u00e1quinas recreativas Jomesa\"},\"image\":{\"@id\":\"https:\\\/\\\/jomesa.es\\\/ca\\\/#\\\/schema\\\/logo\\\/image\\\/\"},\"sameAs\":[\"https:\\\/\\\/instagram.com\\\/jomesa_\"]}]}<\/script>\n<!-- \/ Yoast SEO plugin. -->","yoast_head_json":{"title":"M\u00e0quina escurabutxaques Camping Cash - M\u00e1quinas recreativas Jomesa","description":"C\u00e0mping Cash \u00e9s la m\u00e0quina recreativa tipus B mixta (corrons i v\u00eddeo) per excel\u00b7l\u00e8ncia. Amb les seves dues pantalles panor\u00e0miques. Informa-te'n.","robots":{"index":"noindex","follow":"follow"},"og_locale":"ca_ES","og_type":"article","og_title":"M\u00e0quina escurabutxaques Camping Cash - M\u00e1quinas recreativas Jomesa","og_description":"C\u00e0mping Cash \u00e9s la m\u00e0quina recreativa tipus B mixta (corrons i v\u00eddeo) per excel\u00b7l\u00e8ncia. Amb les seves dues pantalles panor\u00e0miques. Informa-te'n.","og_url":"https:\/\/jomesa.es\/ca\/camping-cash\/","og_site_name":"M\u00e1quinas recreativas Jomesa","article_modified_time":"2021-08-03T08:28:37+00:00","og_image":[{"width":250,"height":250,"url":"https:\/\/jomesa.es\/wp-content\/uploads\/2019\/06\/camping.png","type":"image\/png"}],"twitter_card":"summary_large_image","twitter_misc":{"Temps estimat de lectura":"2 minuts"},"schema":{"@context":"https:\/\/schema.org","@graph":[{"@type":"WebPage","@id":"https:\/\/jomesa.es\/ca\/camping-cash\/","url":"https:\/\/jomesa.es\/ca\/camping-cash\/","name":"M\u00e0quina escurabutxaques Camping Cash - M\u00e1quinas recreativas Jomesa","isPartOf":{"@id":"https:\/\/jomesa.es\/ca\/#website"},"primaryImageOfPage":{"@id":"https:\/\/jomesa.es\/ca\/camping-cash\/#primaryimage"},"image":{"@id":"https:\/\/jomesa.es\/ca\/camping-cash\/#primaryimage"},"thumbnailUrl":"https:\/\/jomesa.es\/wp-content\/uploads\/2019\/06\/camping.png","datePublished":"2021-08-03T08:28:11+00:00","dateModified":"2021-08-03T08:28:37+00:00","description":"C\u00e0mping Cash \u00e9s la m\u00e0quina recreativa tipus B mixta (corrons i v\u00eddeo) per excel\u00b7l\u00e8ncia. Amb les seves dues pantalles panor\u00e0miques. Informa-te'n.","breadcrumb":{"@id":"https:\/\/jomesa.es\/ca\/camping-cash\/#breadcrumb"},"inLanguage":"ca","potentialAction":[{"@type":"ReadAction","target":["https:\/\/jomesa.es\/ca\/camping-cash\/"]}]},{"@type":"ImageObject","inLanguage":"ca","@id":"https:\/\/jomesa.es\/ca\/camping-cash\/#primaryimage","url":"https:\/\/jomesa.es\/wp-content\/uploads\/2019\/06\/camping.png","contentUrl":"https:\/\/jomesa.es\/wp-content\/uploads\/2019\/06\/camping.png","width":250,"height":250,"caption":"M\u00e0quina recreativa model Camping"},{"@type":"BreadcrumbList","@id":"https:\/\/jomesa.es\/ca\/camping-cash\/#breadcrumb","itemListElement":[{"@type":"ListItem","position":1,"name":"Inicio","item":"https:\/\/jomesa.es\/ca\/"},{"@type":"ListItem","position":2,"name":"Camping Cash"}]},{"@type":"WebSite","@id":"https:\/\/jomesa.es\/ca\/#website","url":"https:\/\/jomesa.es\/ca\/","name":"M\u00e1quinas recreativas Jomesa","description":"Operador independiente de m\u00e1quinas recreativas para bares en Barcelona, Tarragona y Lleida","publisher":{"@id":"https:\/\/jomesa.es\/ca\/#organization"},"potentialAction":[{"@type":"SearchAction","target":{"@type":"EntryPoint","urlTemplate":"https:\/\/jomesa.es\/ca\/?s={search_term_string}"},"query-input":{"@type":"PropertyValueSpecification","valueRequired":true,"valueName":"search_term_string"}}],"inLanguage":"ca"},{"@type":"Organization","@id":"https:\/\/jomesa.es\/ca\/#organization","name":"M\u00e1quinas recreativas Jomesa","url":"https:\/\/jomesa.es\/ca\/","logo":{"@type":"ImageObject","inLanguage":"ca","@id":"https:\/\/jomesa.es\/ca\/#\/schema\/logo\/image\/","url":"https:\/\/jomesa.es\/wp-content\/uploads\/2026\/04\/LOGO-Jomesa-CMYK-Petit.png","contentUrl":"https:\/\/jomesa.es\/wp-content\/uploads\/2026\/04\/LOGO-Jomesa-CMYK-Petit.png","width":369,"height":88,"caption":"M\u00e1quinas recreativas Jomesa"},"image":{"@id":"https:\/\/jomesa.es\/ca\/#\/schema\/logo\/image\/"},"sameAs":["https:\/\/instagram.com\/jomesa_"]}]}},"_links":{"self":[{"href":"https:\/\/jomesa.es\/ca\/wp-json\/wp\/v2\/pages\/3138","targetHints":{"allow":["GET"]}}],"collection":[{"href":"https:\/\/jomesa.es\/ca\/wp-json\/wp\/v2\/pages"}],"about":[{"href":"https:\/\/jomesa.es\/ca\/wp-json\/wp\/v2\/types\/page"}],"author":[{"embeddable":true,"href":"https:\/\/jomesa.es\/ca\/wp-json\/wp\/v2\/users\/1"}],"replies":[{"embeddable":true,"href":"https:\/\/jomesa.es\/ca\/wp-json\/wp\/v2\/comments?post=3138"}],"version-history":[{"count":0,"href":"https:\/\/jomesa.es\/ca\/wp-json\/wp\/v2\/pages\/3138\/revisions"}],"wp:featuredmedia":[{"embeddable":true,"href":"https:\/\/jomesa.es\/ca\/wp-json\/wp\/v2\/media\/3140"}],"wp:attachment":[{"href":"https:\/\/jomesa.es\/ca\/wp-json\/wp\/v2\/media?parent=3138"}],"curies":[{"name":"wp","href":"https:\/\/api.w.org\/{rel}","templated":true}]}}